{"id":4047,"date":"2021-04-09T23:24:36","date_gmt":"2021-04-09T23:24:36","guid":{"rendered":"https:\/\/essentials.pixfort.com\/company-elementor\/?page_id=4047"},"modified":"2023-10-03T12:20:15","modified_gmt":"2023-10-03T12:20:15","slug":"communautes-hkgeoengineering","status":"publish","type":"page","link":"https:\/\/gsminings.com\/index.php\/communautes-hkgeoengineering\/","title":{"rendered":"Communaut\u00e9s"},"content":{"rendered":"\t\t<div data-elementor-type=\"wp-page\" data-elementor-id=\"4047\" class=\"elementor elementor-4047\" data-elementor-settings=\"[]\">\n\t\t\t\t\t\t\t<div class=\"elementor-section-wrap\">\n\t\t\t\t\t\t\t<section class=\"elementor-section elementor-top-section elementor-element elementor-element-eb75f3f elementor-section-full_width elementor-section-height-default elementor-section-height-default\" data-id=\"eb75f3f\" data-element_type=\"section\" data-settings=\"{&quot;background_background&quot;:&quot;classic&quot;}\">\n\t\t\t\t\t\t<div class=\"elementor-container elementor-column-gap-default\">\n\t\t\t\t\t<div class=\"elementor-column elementor-col-100 elementor-top-column elementor-element elementor-element-005d005\" data-id=\"005d005\" data-element_type=\"column\">\n\t\t\t<div class=\"elementor-widget-wrap elementor-element-populated\">\n\t\t\t\t\t\t\t\t<div class=\"elementor-element elementor-element-a7d9849 elementor-widget elementor-widget-pix-highlighted-text\" data-id=\"a7d9849\" data-element_type=\"widget\" data-widget_type=\"pix-highlighted-text.default\">\n\t\t\t\t<div class=\"elementor-widget-container\">\n\t\t\t<div id=\"highlighted-text-137159622\" class=\"text-center \"><h2 class=\"text-heading-default\"  data-anim-type=\"\" data-anim-delay=\"\"><span class=\"font-weight-normal  heading-font elementor-repeater-item-d38df35\">GSMININGS <\/span><span class=\"pix-highlighted-text  font-weight-normal  font-weight-bold heading-font elementor-repeater-item-b2f5606 highlighted-text-137159622-1 animate-in\" data-anim-type=\"highlight-grow\" data-anim-delay=\"200\">COMMUNAUTE<\/span><\/h2><\/div>\t\t<\/div>\n\t\t\t\t<\/div>\n\t\t\t\t<div class=\"elementor-element elementor-element-44cbafc elementor-widget elementor-widget-pix-text\" data-id=\"44cbafc\" data-element_type=\"widget\" data-widget_type=\"pix-text.default\">\n\t\t\t\t<div class=\"elementor-widget-container\">\n\t\t\t<div class=\"pix-el-text slide-in-container w-100 text-center \" ><p class=\"text-20 m-0 text-dark-opacity-5 text-center \" >Regroupant plusieurs communaut\u00e9s, nous travaillons pour le d\u00e9veloppement, la valorisation des ressources locales au profit des projets d'exploitation mini\u00e8re au Burkina Faso et dans la sous-r\u00e9gion. Nous avons pour partenaires, les professionnelles du secteur minier, les universitaires, les institutions et association, les organismes \u00e9tatiques du secteur minier.<\/p><\/div>\t\t<\/div>\n\t\t\t\t<\/div>\n\t\t\t\t\t<\/div>\n\t\t<\/div>\n\t\t\t\t\t\t\t<\/div>\n\t\t<\/section>\n\t\t\t\t<section class=\"elementor-section elementor-top-section elementor-element elementor-element-24c7760 elementor-section-full_width elementor-section-height-default elementor-section-height-default\" data-id=\"24c7760\" data-element_type=\"section\">\n\t\t\t\t\t\t<div class=\"elementor-container elementor-column-gap-no\">\n\t\t\t\t\t<div class=\"elementor-column elementor-col-100 elementor-top-column elementor-element elementor-element-51a35ab\" data-id=\"51a35ab\" data-element_type=\"column\">\n\t\t\t<div class=\"elementor-widget-wrap elementor-element-populated\">\n\t\t\t\t\t\t\t\t<div class=\"elementor-element elementor-element-b56e518 elementor-widget elementor-widget-pix-dividers\" data-id=\"b56e518\" data-element_type=\"widget\" data-widget_type=\"pix-dividers.default\">\n\t\t\t\t<div class=\"elementor-widget-container\">\n\t\t\t<div class=\"pix-divider  position-relative pix-bottom-divider\" data-style=\"style-8\" style=\"bottom:-1px;\"><svg xmlns=\"http:\/\/www.w3.org\/2000\/svg\" width=\"100%\" height=\"300px\" viewBox=\"0 0 1200 366\" preserveAspectRatio=\"none\"><g class=\"animate-in\" data-anim-type=\"fade-in-up\" data-anim-delay=\"300\"><polygon fill=\"url(#divider-pix-accordion-45073-bottom-overlay-layer-3)\" points=\"0 240 1200 0 1200 366 0 366\" \/><\/g><polygon fill=\"url(#divider-pix-accordion-45073-bottom-overlay-layer-2)\" points=\"0 300 1200 60 1200 366 0 366\"  \/><polygon fill=\"#ffffff\" points=\"0 360 1200 120 1200 366 0 366\"\/><defs><linearGradient id=\"divider-pix-accordion-45073-bottom-overlay-layer-3\" x1=\"0%\" y1=\"0%\" x2=\"100%\" y2=\"0%\"><stop offset=\"0%\"   stop-color=\"#00000014\"\/><stop offset=\"100%\"   stop-color=\"#FFFFFF03\"\/><\/linearGradient><linearGradient id=\"divider-pix-accordion-45073-bottom-overlay-layer-2\" x1=\"0%\" y1=\"0%\" x2=\"100%\" y2=\"0%\"><stop offset=\"0%\"   stop-color=\"#FFFFFF03\"\/><stop offset=\"100%\"   stop-color=\"#FFFFFF03\"\/><\/linearGradient><\/defs><\/svg><\/div>\t\t<\/div>\n\t\t\t\t<\/div>\n\t\t\t\t\t<\/div>\n\t\t<\/div>\n\t\t\t\t\t\t\t<\/div>\n\t\t<\/section>\n\t\t\t\t<section class=\"elementor-section elementor-top-section elementor-element elementor-element-b81e76a elementor-section-boxed elementor-section-height-default elementor-section-height-default\" data-id=\"b81e76a\" data-element_type=\"section\">\n\t\t\t\t\t\t<div class=\"elementor-container elementor-column-gap-default\">\n\t\t\t\t\t<div class=\"elementor-column elementor-col-25 elementor-top-column elementor-element elementor-element-536a15f\" data-id=\"536a15f\" data-element_type=\"column\">\n\t\t\t<div class=\"elementor-widget-wrap elementor-element-populated\">\n\t\t\t\t\t\t\t\t<div class=\"elementor-element elementor-element-584ab1f elementor-invisible elementor-widget elementor-widget-pix-animated-heading\" data-id=\"584ab1f\" data-element_type=\"widget\" data-widget_type=\"pix-animated-heading.default\">\n\t\t\t\t<div class=\"elementor-widget-container\">\n\t\t\t<div class=\"text-center \"><div class=\"slide-in-container w-100 pix-slogan-text\"><h6 data-anim-type=\"slide-in-up\" class=\" font-weight-bold text-primary animate-in\" >Entreprise<\/h6><\/div><div><h6 class=\"pix-headline my-3  slide-inverse text-heading-default font-weight-bold   animate-in\" style=\"\" data-anim-type=\"fade-in\" data-anim-delay=\"0\" ><span>Entreprises d'exploitation <\/span><span class=\"pix-words-wrapper\"><\/span><span><\/span><\/h6><\/div><\/div>\t\t<\/div>\n\t\t\t\t<\/div>\n\t\t\t\t\t<\/div>\n\t\t<\/div>\n\t\t\t\t<div class=\"elementor-column elementor-col-25 elementor-top-column elementor-element elementor-element-a9ed228\" data-id=\"a9ed228\" data-element_type=\"column\">\n\t\t\t<div class=\"elementor-widget-wrap elementor-element-populated\">\n\t\t\t\t\t\t\t\t<div class=\"elementor-element elementor-element-1827e71 elementor-widget elementor-widget-pix-animated-heading\" data-id=\"1827e71\" data-element_type=\"widget\" data-widget_type=\"pix-animated-heading.default\">\n\t\t\t\t<div class=\"elementor-widget-container\">\n\t\t\t<div class=\"text-center \"><div class=\"slide-in-container w-100 pix-slogan-text\"><h6 data-anim-type=\"slide-in-up\" class=\" font-weight-bold text-primary animate-in\" >Les universit\u00e9s<\/h6><\/div><div><h6 class=\"pix-headline my-3  slide-inverse text-heading-default font-weight-bold  \" style=\"\"><span>Universit\u00e9 et instituts de formation <\/span><span class=\"pix-words-wrapper\"><\/span><span><\/span><\/h6><\/div><\/div>\t\t<\/div>\n\t\t\t\t<\/div>\n\t\t\t\t\t<\/div>\n\t\t<\/div>\n\t\t\t\t<div class=\"elementor-column elementor-col-25 elementor-top-column elementor-element elementor-element-cb26026\" data-id=\"cb26026\" data-element_type=\"column\">\n\t\t\t<div class=\"elementor-widget-wrap elementor-element-populated\">\n\t\t\t\t\t\t\t\t<div class=\"elementor-element elementor-element-ac3b27b elementor-invisible elementor-widget elementor-widget-pix-animated-heading\" data-id=\"ac3b27b\" data-element_type=\"widget\" data-widget_type=\"pix-animated-heading.default\">\n\t\t\t\t<div class=\"elementor-widget-container\">\n\t\t\t<div class=\"text-center \"><div class=\"slide-in-container w-100 pix-slogan-text\"><h6 data-anim-type=\"slide-in-up\" class=\" font-weight-bold text-primary animate-in\" >Associations<\/h6><\/div><div><h6 class=\"pix-headline my-3  slide-inverse text-heading-default font-weight-bold   animate-in\" style=\"\" data-anim-type=\"fade-in\" data-anim-delay=\"0\" ><span>Association du secteur minier <\/span><span class=\"pix-words-wrapper\"><\/span><span><\/span><\/h6><\/div><\/div>\t\t<\/div>\n\t\t\t\t<\/div>\n\t\t\t\t\t<\/div>\n\t\t<\/div>\n\t\t\t\t<div class=\"elementor-column elementor-col-25 elementor-top-column elementor-element elementor-element-bfd2c1b\" data-id=\"bfd2c1b\" data-element_type=\"column\">\n\t\t\t<div class=\"elementor-widget-wrap elementor-element-populated\">\n\t\t\t\t\t\t\t\t<div class=\"elementor-element elementor-element-c1b4429 elementor-invisible elementor-widget elementor-widget-pix-animated-heading\" data-id=\"c1b4429\" data-element_type=\"widget\" data-widget_type=\"pix-animated-heading.default\">\n\t\t\t\t<div class=\"elementor-widget-container\">\n\t\t\t<div class=\"text-center \"><div class=\"slide-in-container w-100 pix-slogan-text\"><h6 data-anim-type=\"slide-in-up\" class=\" font-weight-bold text-primary animate-in\" >Organisme d'Etat<\/h6><\/div><div><h6 class=\"pix-headline my-3  slide-inverse text-heading-default font-weight-bold   animate-in\" style=\"\" data-anim-type=\"fade-in\" data-anim-delay=\"0\" ><span>Institution etatique du secteur minier <\/span><span class=\"pix-words-wrapper\"><\/span><span><\/span><\/h6><\/div><\/div>\t\t<\/div>\n\t\t\t\t<\/div>\n\t\t\t\t\t<\/div>\n\t\t<\/div>\n\t\t\t\t\t\t\t<\/div>\n\t\t<\/section>\n\t\t\t\t\t\t<\/div>\n\t\t\t\t\t<\/div>\n\t\t","protected":false},"excerpt":{"rendered":"GSMININGS COMMUNAUTE Regroupant plusieurs communaut\u00e9s, nous travaillons pour le d\u00e9veloppement, la valorisation des ressources locales au profit des projets d&rsquo;exploitation mini\u00e8re au Burkina Faso et dans la sous-r\u00e9gion. Nous avons pour partenaires, les professionnelles du secteur minier, les universitaires, les&#8230;","protected":false},"author":1,"featured_media":0,"parent":0,"menu_order":0,"comment_status":"closed","ping_status":"closed","template":"","meta":{"footnotes":""},"class_list":["post-4047","page","type-page","status-publish","hentry"],"yoast_head":"<!-- This site is optimized with the Yoast SEO plugin v18.6 - https:\/\/yoast.com\/wordpress\/plugins\/seo\/ -->\n<title>Communaut\u00e9s - gsminings<\/title>\n<meta name=\"description\" content=\"Global Spirit Mining regroupe plusieurs communaut\u00e9s, nous travaillons pour le d\u00e9veloppement, la valorisation des ressources locales au profit des projets d&#039;exploitation mini\u00e8re au Burkina Faso et dans la sous-r\u00e9gion. Nous avons pour partenaires, les professionnelles du secteur minier, les universitaires, les institutions et association, les organismes \u00e9tatique du secteur minier.\" \/>\n<meta name=\"robots\" content=\"index, follow, max-snippet:-1, max-image-preview:large, max-video-preview:-1\" \/>\n<link rel=\"canonical\" href=\"https:\/\/gsminings.com\/index.php\/communautes-hkgeoengineering\/\" \/>\n<meta property=\"og:locale\" content=\"fr_FR\" \/>\n<meta property=\"og:type\" content=\"article\" \/>\n<meta property=\"og:title\" content=\"Communaut\u00e9s - gsminings\" \/>\n<meta property=\"og:description\" content=\"Global Spirit Mining regroupe plusieurs communaut\u00e9s, nous travaillons pour le d\u00e9veloppement, la valorisation des ressources locales au profit des projets d&#039;exploitation mini\u00e8re au Burkina Faso et dans la sous-r\u00e9gion. Nous avons pour partenaires, les professionnelles du secteur minier, les universitaires, les institutions et association, les organismes \u00e9tatique du secteur minier.\" \/>\n<meta property=\"og:url\" content=\"https:\/\/gsminings.com\/index.php\/communautes-hkgeoengineering\/\" \/>\n<meta property=\"og:site_name\" content=\"gsminings\" \/>\n<meta property=\"article:modified_time\" content=\"2023-10-03T12:20:15+00:00\" \/>\n<meta name=\"twitter:card\" content=\"summary_large_image\" \/>\n<meta name=\"twitter:label1\" content=\"Dur\u00e9e de lecture estim\u00e9e\" \/>\n\t<meta name=\"twitter:data1\" content=\"1 minute\" \/>\n<script type=\"application\/ld+json\" class=\"yoast-schema-graph\">{\"@context\":\"https:\/\/schema.org\",\"@graph\":[{\"@type\":\"Organization\",\"@id\":\"https:\/\/gsminings.com\/#organization\",\"name\":\"h.k geoengineering\",\"url\":\"https:\/\/gsminings.com\/\",\"sameAs\":[],\"logo\":{\"@type\":\"ImageObject\",\"@id\":\"https:\/\/gsminings.com\/#logo\",\"inLanguage\":\"fr-FR\",\"url\":\"https:\/\/hkgeoengineering.com\/wp-content\/uploads\/2022\/04\/cropped-Logo-AI-1.png\",\"contentUrl\":\"https:\/\/hkgeoengineering.com\/wp-content\/uploads\/2022\/04\/cropped-Logo-AI-1.png\",\"width\":512,\"height\":512,\"caption\":\"h.k geoengineering\"},\"image\":{\"@id\":\"https:\/\/gsminings.com\/#logo\"}},{\"@type\":\"WebSite\",\"@id\":\"https:\/\/gsminings.com\/#website\",\"url\":\"https:\/\/gsminings.com\/\",\"name\":\"gsminings\",\"description\":\"Global Spirit Mining les sp\u00e9cialiste en mati\u00e8re de mine\",\"publisher\":{\"@id\":\"https:\/\/gsminings.com\/#organization\"},\"potentialAction\":[{\"@type\":\"SearchAction\",\"target\":{\"@type\":\"EntryPoint\",\"urlTemplate\":\"https:\/\/gsminings.com\/?s={search_term_string}\"},\"query-input\":\"required name=search_term_string\"}],\"inLanguage\":\"fr-FR\"},{\"@type\":\"WebPage\",\"@id\":\"https:\/\/gsminings.com\/index.php\/communautes-hkgeoengineering\/#webpage\",\"url\":\"https:\/\/gsminings.com\/index.php\/communautes-hkgeoengineering\/\",\"name\":\"Communaut\u00e9s - gsminings\",\"isPartOf\":{\"@id\":\"https:\/\/gsminings.com\/#website\"},\"datePublished\":\"2021-04-09T23:24:36+00:00\",\"dateModified\":\"2023-10-03T12:20:15+00:00\",\"description\":\"Global Spirit Mining regroupe plusieurs communaut\u00e9s, nous travaillons pour le d\u00e9veloppement, la valorisation des ressources locales au profit des projets d'exploitation mini\u00e8re au Burkina Faso et dans la sous-r\u00e9gion. Nous avons pour partenaires, les professionnelles du secteur minier, les universitaires, les institutions et association, les organismes \u00e9tatique du secteur minier.\",\"breadcrumb\":{\"@id\":\"https:\/\/gsminings.com\/index.php\/communautes-hkgeoengineering\/#breadcrumb\"},\"inLanguage\":\"fr-FR\",\"potentialAction\":[{\"@type\":\"ReadAction\",\"target\":[\"https:\/\/gsminings.com\/index.php\/communautes-hkgeoengineering\/\"]}]},{\"@type\":\"BreadcrumbList\",\"@id\":\"https:\/\/gsminings.com\/index.php\/communautes-hkgeoengineering\/#breadcrumb\",\"itemListElement\":[{\"@type\":\"ListItem\",\"position\":1,\"name\":\"Accueil\",\"item\":\"https:\/\/gsminings.com\/\"},{\"@type\":\"ListItem\",\"position\":2,\"name\":\"Communaut\u00e9s\"}]}]}<\/script>\n<!-- \/ Yoast SEO plugin. -->","yoast_head_json":{"title":"Communaut\u00e9s - gsminings","description":"Global Spirit Mining regroupe plusieurs communaut\u00e9s, nous travaillons pour le d\u00e9veloppement, la valorisation des ressources locales au profit des projets d'exploitation mini\u00e8re au Burkina Faso et dans la sous-r\u00e9gion. Nous avons pour partenaires, les professionnelles du secteur minier, les universitaires, les institutions et association, les organismes \u00e9tatique du secteur minier.","robots":{"index":"index","follow":"follow","max-snippet":"max-snippet:-1","max-image-preview":"max-image-preview:large","max-video-preview":"max-video-preview:-1"},"canonical":"https:\/\/gsminings.com\/index.php\/communautes-hkgeoengineering\/","og_locale":"fr_FR","og_type":"article","og_title":"Communaut\u00e9s - gsminings","og_description":"Global Spirit Mining regroupe plusieurs communaut\u00e9s, nous travaillons pour le d\u00e9veloppement, la valorisation des ressources locales au profit des projets d'exploitation mini\u00e8re au Burkina Faso et dans la sous-r\u00e9gion. Nous avons pour partenaires, les professionnelles du secteur minier, les universitaires, les institutions et association, les organismes \u00e9tatique du secteur minier.","og_url":"https:\/\/gsminings.com\/index.php\/communautes-hkgeoengineering\/","og_site_name":"gsminings","article_modified_time":"2023-10-03T12:20:15+00:00","twitter_card":"summary_large_image","twitter_misc":{"Dur\u00e9e de lecture estim\u00e9e":"1 minute"},"schema":{"@context":"https:\/\/schema.org","@graph":[{"@type":"Organization","@id":"https:\/\/gsminings.com\/#organization","name":"h.k geoengineering","url":"https:\/\/gsminings.com\/","sameAs":[],"logo":{"@type":"ImageObject","@id":"https:\/\/gsminings.com\/#logo","inLanguage":"fr-FR","url":"https:\/\/hkgeoengineering.com\/wp-content\/uploads\/2022\/04\/cropped-Logo-AI-1.png","contentUrl":"https:\/\/hkgeoengineering.com\/wp-content\/uploads\/2022\/04\/cropped-Logo-AI-1.png","width":512,"height":512,"caption":"h.k geoengineering"},"image":{"@id":"https:\/\/gsminings.com\/#logo"}},{"@type":"WebSite","@id":"https:\/\/gsminings.com\/#website","url":"https:\/\/gsminings.com\/","name":"gsminings","description":"Global Spirit Mining les sp\u00e9cialiste en mati\u00e8re de mine","publisher":{"@id":"https:\/\/gsminings.com\/#organization"},"potentialAction":[{"@type":"SearchAction","target":{"@type":"EntryPoint","urlTemplate":"https:\/\/gsminings.com\/?s={search_term_string}"},"query-input":"required name=search_term_string"}],"inLanguage":"fr-FR"},{"@type":"WebPage","@id":"https:\/\/gsminings.com\/index.php\/communautes-hkgeoengineering\/#webpage","url":"https:\/\/gsminings.com\/index.php\/communautes-hkgeoengineering\/","name":"Communaut\u00e9s - gsminings","isPartOf":{"@id":"https:\/\/gsminings.com\/#website"},"datePublished":"2021-04-09T23:24:36+00:00","dateModified":"2023-10-03T12:20:15+00:00","description":"Global Spirit Mining regroupe plusieurs communaut\u00e9s, nous travaillons pour le d\u00e9veloppement, la valorisation des ressources locales au profit des projets d'exploitation mini\u00e8re au Burkina Faso et dans la sous-r\u00e9gion. Nous avons pour partenaires, les professionnelles du secteur minier, les universitaires, les institutions et association, les organismes \u00e9tatique du secteur minier.","breadcrumb":{"@id":"https:\/\/gsminings.com\/index.php\/communautes-hkgeoengineering\/#breadcrumb"},"inLanguage":"fr-FR","potentialAction":[{"@type":"ReadAction","target":["https:\/\/gsminings.com\/index.php\/communautes-hkgeoengineering\/"]}]},{"@type":"BreadcrumbList","@id":"https:\/\/gsminings.com\/index.php\/communautes-hkgeoengineering\/#breadcrumb","itemListElement":[{"@type":"ListItem","position":1,"name":"Accueil","item":"https:\/\/gsminings.com\/"},{"@type":"ListItem","position":2,"name":"Communaut\u00e9s"}]}]}},"_links":{"self":[{"href":"https:\/\/gsminings.com\/index.php\/wp-json\/wp\/v2\/pages\/4047","targetHints":{"allow":["GET"]}}],"collection":[{"href":"https:\/\/gsminings.com\/index.php\/wp-json\/wp\/v2\/pages"}],"about":[{"href":"https:\/\/gsminings.com\/index.php\/wp-json\/wp\/v2\/types\/page"}],"author":[{"embeddable":true,"href":"https:\/\/gsminings.com\/index.php\/wp-json\/wp\/v2\/users\/1"}],"replies":[{"embeddable":true,"href":"https:\/\/gsminings.com\/index.php\/wp-json\/wp\/v2\/comments?post=4047"}],"version-history":[{"count":48,"href":"https:\/\/gsminings.com\/index.php\/wp-json\/wp\/v2\/pages\/4047\/revisions"}],"predecessor-version":[{"id":5326,"href":"https:\/\/gsminings.com\/index.php\/wp-json\/wp\/v2\/pages\/4047\/revisions\/5326"}],"wp:attachment":[{"href":"https:\/\/gsminings.com\/index.php\/wp-json\/wp\/v2\/media?parent=4047"}],"curies":[{"name":"wp","href":"https:\/\/api.w.org\/{rel}","templated":true}]}}