{"id":4079,"date":"2021-04-09T23:43:16","date_gmt":"2021-04-09T23:43:16","guid":{"rendered":"https:\/\/essentials.pixfort.com\/company-elementor\/?page_id=4079"},"modified":"2023-10-03T12:06:58","modified_gmt":"2023-10-03T12:06:58","slug":"soumettre-un-projet","status":"publish","type":"page","link":"https:\/\/gsminings.com\/index.php\/soumettre-un-projet\/","title":{"rendered":"Soumettre un projet"},"content":{"rendered":"\t\t<div data-elementor-type=\"wp-page\" data-elementor-id=\"4079\" class=\"elementor elementor-4079\" data-elementor-settings=\"[]\">\n\t\t\t\t\t\t\t<div class=\"elementor-section-wrap\">\n\t\t\t\t\t\t\t<section class=\"elementor-section elementor-top-section elementor-element elementor-element-90da232 elementor-section-full_width elementor-section-height-default elementor-section-height-default\" data-id=\"90da232\" data-element_type=\"section\">\n\t\t\t\t\t\t<div class=\"elementor-container elementor-column-gap-no\">\n\t\t\t\t\t<div class=\"elementor-column elementor-col-100 elementor-top-column elementor-element elementor-element-83c2ff8\" data-id=\"83c2ff8\" data-element_type=\"column\">\n\t\t\t<div class=\"elementor-widget-wrap\">\n\t\t\t\t\t\t\t\t\t<\/div>\n\t\t<\/div>\n\t\t\t\t\t\t\t<\/div>\n\t\t<\/section>\n\t\t\t\t<section class=\"elementor-section elementor-top-section elementor-element elementor-element-76e95bd0 elementor-section-boxed elementor-section-height-default elementor-section-height-default\" data-id=\"76e95bd0\" data-element_type=\"section\">\n\t\t\t\t\t\t<div class=\"elementor-container elementor-column-gap-default\">\n\t\t\t\t\t<div class=\"elementor-column elementor-col-100 elementor-top-column elementor-element elementor-element-73ef5b63\" data-id=\"73ef5b63\" data-element_type=\"column\">\n\t\t\t<div class=\"elementor-widget-wrap\">\n\t\t\t\t\t\t\t\t\t<\/div>\n\t\t<\/div>\n\t\t\t\t\t\t\t<\/div>\n\t\t<\/section>\n\t\t\t\t<section class=\"elementor-section elementor-top-section elementor-element elementor-element-3ad72d7 elementor-section-boxed elementor-section-height-default elementor-section-height-default\" data-id=\"3ad72d7\" data-element_type=\"section\">\n\t\t\t\t\t\t<div class=\"elementor-container elementor-column-gap-default\">\n\t\t\t\t\t<div class=\"elementor-column elementor-col-100 elementor-top-column elementor-element elementor-element-7e4a56c\" data-id=\"7e4a56c\" data-element_type=\"column\">\n\t\t\t<div class=\"elementor-widget-wrap elementor-element-populated\">\n\t\t\t\t\t\t\t\t<div class=\"elementor-element elementor-element-fa6b2d7 elementor-invisible elementor-widget elementor-widget-pix-card-wide\" data-id=\"fa6b2d7\" data-element_type=\"widget\" data-widget_type=\"pix-card-wide.default\">\n\t\t\t\t<div class=\"elementor-widget-container\">\n\t\t\t<div class=\"card overflow-hidden row no-gutters flex-column flex-md-row flex-md-row-reverse   bg-white shadow-lg shadow-hover-lg fly-sm  animate-in \" data-anim-delay=\"0\" data-anim-type=\"fade-in-up\"><div class=\"flex-column col-md-6\"><img decoding=\"async\" class=\"card-img rounded-0 pix-fit-cover flex-grow-1 h-100\" src=\"https:\/\/gsminings.com\/wp-content\/uploads\/2022\/04\/Projet-e1651337490411.jpg\" alt=\"Les qualit\u00e9s que nous appr\u00e9cions en tant qu'entrepreneur\" \/><\/div><div class=\"card-body d-flex align-content-between flex-wrap col-md-6 p-lg-5 p-md-5 p-4\"><div class=\"d-flex align-items-start\"><div><img decoding=\"async\" class=\"mb-3\" src=\"https:\/\/gsminings.com\/wp-content\/uploads\/2023\/09\/GSMININGS.png\" alt=\"\"  style=\"width:auto;max-width:200px;\" \/><h3 style=\"\" class=\"font-weight-bold text-heading-default mb-3\">Les qualit\u00e9s que nous appr\u00e9cions en tant qu'entrepreneur<\/h3><\/div><\/div><div class=\"d-flex align-items-end\"><div><p class=\"text-body-default text-18 text-left mb-0\" >-Avoir un projet innovant \u00e0 fort impact social potentiel<br>-Poss\u00e9der de solides qualit\u00e9s entrepreneuriales,<br>-Vouloir \u00eatre accompagn\u00e9(e) strat\u00e9giquement<\/p><\/div><\/div><\/div><\/div>\n\t\t<\/div>\n\t\t\t\t<\/div>\n\t\t\t\t\t<\/div>\n\t\t<\/div>\n\t\t\t\t\t\t\t<\/div>\n\t\t<\/section>\n\t\t\t\t<section class=\"elementor-section elementor-top-section elementor-element elementor-element-9c8a702 elementor-section-boxed elementor-section-height-default elementor-section-height-default\" data-id=\"9c8a702\" data-element_type=\"section\" data-settings=\"{&quot;background_background&quot;:&quot;classic&quot;,&quot;shape_divider_top&quot;:&quot;tilt&quot;,&quot;shape_divider_bottom&quot;:&quot;tilt&quot;}\">\n\t\t\t\t\t<div class=\"elementor-shape elementor-shape-top\" data-negative=\"false\">\n\t\t\t<svg xmlns=\"http:\/\/www.w3.org\/2000\/svg\" viewBox=\"0 0 1000 100\" preserveAspectRatio=\"none\">\n\t<path class=\"elementor-shape-fill\" d=\"M0,6V0h1000v100L0,6z\"\/>\n<\/svg>\t\t<\/div>\n\t\t\t\t<div class=\"elementor-shape elementor-shape-bottom\" data-negative=\"false\">\n\t\t\t<svg xmlns=\"http:\/\/www.w3.org\/2000\/svg\" viewBox=\"0 0 1000 100\" preserveAspectRatio=\"none\">\n\t<path class=\"elementor-shape-fill\" d=\"M0,6V0h1000v100L0,6z\"\/>\n<\/svg>\t\t<\/div>\n\t\t\t\t\t<div class=\"elementor-container elementor-column-gap-default\">\n\t\t\t\t\t<div class=\"elementor-column elementor-col-100 elementor-top-column elementor-element elementor-element-9aceb76\" data-id=\"9aceb76\" data-element_type=\"column\">\n\t\t\t<div class=\"elementor-widget-wrap elementor-element-populated\">\n\t\t\t\t\t\t\t\t<div class=\"elementor-element elementor-element-232e608 elementor-widget elementor-widget-wp-widget-wpforms-widget\" data-id=\"232e608\" data-element_type=\"widget\" data-widget_type=\"wp-widget-wpforms-widget.default\">\n\t\t\t\t<div class=\"elementor-widget-container\">\n\t\t\t<h5>NOUS CONTACTER POUR VOTRE PROJET<\/h5><div class=\"wpforms-container wpforms-container-full\" id=\"wpforms-4634\"><form id=\"wpforms-form-4634\" class=\"wpforms-validate wpforms-form wpforms-ajax-form\" data-formid=\"4634\" method=\"post\" enctype=\"multipart\/form-data\" action=\"\/index.php\/wp-json\/wp\/v2\/pages\/4079\" data-token=\"caa4c74f155074b1f6a41039c2141e5e\"><noscript class=\"wpforms-error-noscript\">Veuillez activer JavaScript dans votre navigateur pour remplir ce formulaire.<\/noscript><div class=\"wpforms-field-container\"><div id=\"wpforms-4634-field_1-container\" class=\"wpforms-field wpforms-field-name\" data-field-id=\"1\"><label class=\"wpforms-field-label\" for=\"wpforms-4634-field_1\">Nom complet <span class=\"wpforms-required-label\">*<\/span><\/label><div class=\"wpforms-field-row wpforms-field-medium\"><div class=\"wpforms-field-row-block wpforms-first wpforms-one-half\"><input type=\"text\" id=\"wpforms-4634-field_1\" class=\"wpforms-field-name-first wpforms-field-required\" name=\"wpforms[fields][1][first]\" required><label for=\"wpforms-4634-field_1\" class=\"wpforms-field-sublabel after \">Pr\u00e9nom<\/label><\/div><div class=\"wpforms-field-row-block wpforms-one-half\"><input type=\"text\" id=\"wpforms-4634-field_1-last\" class=\"wpforms-field-name-last wpforms-field-required\" name=\"wpforms[fields][1][last]\" required><label for=\"wpforms-4634-field_1-last\" class=\"wpforms-field-sublabel after \">Nom<\/label><\/div><\/div><\/div><div id=\"wpforms-4634-field_2-container\" class=\"wpforms-field wpforms-field-email\" data-field-id=\"2\"><label class=\"wpforms-field-label\" for=\"wpforms-4634-field_2\">Email <span class=\"wpforms-required-label\">*<\/span><\/label><input type=\"email\" id=\"wpforms-4634-field_2\" class=\"wpforms-field-medium wpforms-field-required\" name=\"wpforms[fields][2]\" required><\/div><div id=\"wpforms-4634-field_8-container\" class=\"wpforms-field wpforms-field-email\" data-field-id=\"8\"><label class=\"wpforms-field-label\" for=\"wpforms-4634-field_8\">Objet <span class=\"wpforms-required-label\">*<\/span><\/label><input type=\"email\" id=\"wpforms-4634-field_8\" class=\"wpforms-field-medium wpforms-field-required\" name=\"wpforms[fields][8]\" required><\/div><div id=\"wpforms-4634-field_7-container\" class=\"wpforms-field wpforms-field-textarea\" data-field-id=\"7\"><label class=\"wpforms-field-label\" for=\"wpforms-4634-field_7\">Description du projet<\/label><textarea id=\"wpforms-4634-field_7\" class=\"wpforms-field-medium\" name=\"wpforms[fields][7]\" ><\/textarea><\/div><\/div><div class=\"wpforms-submit-container\"><input type=\"hidden\" name=\"wpforms[id]\" value=\"4634\"><input type=\"hidden\" name=\"wpforms[author]\" value=\"1\"><button type=\"submit\" name=\"wpforms[submit]\" id=\"wpforms-submit-4634\" class=\"wpforms-submit\" data-alt-text=\"Envoyer...\" data-submit-text=\"Envoyer\" aria-live=\"assertive\" value=\"wpforms-submit\">Envoyer<\/button><img loading=\"lazy\" decoding=\"async\" src=\"https:\/\/gsminings.com\/wp-content\/plugins\/wpforms-lite\/assets\/images\/submit-spin.svg\" class=\"wpforms-submit-spinner\" style=\"display: none;\" width=\"26\" height=\"26\" alt=\"\"><\/div><\/form><\/div>  <!-- .wpforms-container -->\t\t<\/div>\n\t\t\t\t<\/div>\n\t\t\t\t\t<\/div>\n\t\t<\/div>\n\t\t\t\t\t\t\t<\/div>\n\t\t<\/section>\n\t\t\t\t\t\t<\/div>\n\t\t\t\t\t<\/div>\n\t\t","protected":false},"excerpt":{"rendered":"Les qualit\u00e9s que nous appr\u00e9cions en tant qu&rsquo;entrepreneur-Avoir un projet innovant \u00e0 fort impact social potentiel-Poss\u00e9der de solides qualit\u00e9s entrepreneuriales,-Vouloir \u00eatre accompagn\u00e9(e) strat\u00e9giquement","protected":false},"author":1,"featured_media":0,"parent":0,"menu_order":0,"comment_status":"closed","ping_status":"closed","template":"","meta":{"footnotes":""},"class_list":["post-4079","page","type-page","status-publish","hentry"],"yoast_head":"<!-- This site is optimized with the Yoast SEO plugin v18.6 - https:\/\/yoast.com\/wordpress\/plugins\/seo\/ -->\n<title>Soumettre un projet - gsminings<\/title>\n<meta name=\"description\" content=\"Les qualit\u00e9s que nous appr\u00e9cions en tant qu&#039;entrepreneur, avoir un projet innovant \u00e0 fort impact social, potentiel, poss\u00e9der de solides qualit\u00e9s entrepreneuriales, vouloir \u00eatre accompagn\u00e9(e) strat\u00e9giquement.\" \/>\n<meta name=\"robots\" content=\"index, follow, max-snippet:-1, max-image-preview:large, max-video-preview:-1\" \/>\n<link rel=\"canonical\" href=\"https:\/\/gsminings.com\/index.php\/soumettre-un-projet\/\" \/>\n<meta property=\"og:locale\" content=\"fr_FR\" \/>\n<meta property=\"og:type\" content=\"article\" \/>\n<meta property=\"og:title\" content=\"Soumettre un projet - gsminings\" \/>\n<meta property=\"og:description\" content=\"Les qualit\u00e9s que nous appr\u00e9cions en tant qu&#039;entrepreneur, avoir un projet innovant \u00e0 fort impact social, potentiel, poss\u00e9der de solides qualit\u00e9s entrepreneuriales, vouloir \u00eatre accompagn\u00e9(e) strat\u00e9giquement.\" \/>\n<meta property=\"og:url\" content=\"https:\/\/gsminings.com\/index.php\/soumettre-un-projet\/\" \/>\n<meta property=\"og:site_name\" content=\"gsminings\" \/>\n<meta property=\"article:modified_time\" content=\"2023-10-03T12:06:58+00:00\" \/>\n<meta property=\"og:image\" content=\"https:\/\/gsminings.com\/wp-content\/uploads\/2022\/04\/Projet-e1651337490411.jpg\" \/>\n<meta name=\"twitter:card\" content=\"summary_large_image\" \/>\n<meta name=\"twitter:label1\" content=\"Dur\u00e9e de lecture estim\u00e9e\" \/>\n\t<meta name=\"twitter:data1\" content=\"1 minute\" \/>\n<script type=\"application\/ld+json\" class=\"yoast-schema-graph\">{\"@context\":\"https:\/\/schema.org\",\"@graph\":[{\"@type\":\"Organization\",\"@id\":\"https:\/\/gsminings.com\/#organization\",\"name\":\"h.k geoengineering\",\"url\":\"https:\/\/gsminings.com\/\",\"sameAs\":[],\"logo\":{\"@type\":\"ImageObject\",\"@id\":\"https:\/\/gsminings.com\/#logo\",\"inLanguage\":\"fr-FR\",\"url\":\"https:\/\/hkgeoengineering.com\/wp-content\/uploads\/2022\/04\/cropped-Logo-AI-1.png\",\"contentUrl\":\"https:\/\/hkgeoengineering.com\/wp-content\/uploads\/2022\/04\/cropped-Logo-AI-1.png\",\"width\":512,\"height\":512,\"caption\":\"h.k geoengineering\"},\"image\":{\"@id\":\"https:\/\/gsminings.com\/#logo\"}},{\"@type\":\"WebSite\",\"@id\":\"https:\/\/gsminings.com\/#website\",\"url\":\"https:\/\/gsminings.com\/\",\"name\":\"gsminings\",\"description\":\"Global Spirit Mining les sp\u00e9cialiste en mati\u00e8re de mine\",\"publisher\":{\"@id\":\"https:\/\/gsminings.com\/#organization\"},\"potentialAction\":[{\"@type\":\"SearchAction\",\"target\":{\"@type\":\"EntryPoint\",\"urlTemplate\":\"https:\/\/gsminings.com\/?s={search_term_string}\"},\"query-input\":\"required name=search_term_string\"}],\"inLanguage\":\"fr-FR\"},{\"@type\":\"ImageObject\",\"@id\":\"https:\/\/gsminings.com\/index.php\/soumettre-un-projet\/#primaryimage\",\"inLanguage\":\"fr-FR\",\"url\":\"https:\/\/gsminings.com\/wp-content\/uploads\/2022\/04\/Projet-e1651337490411.jpg\",\"contentUrl\":\"https:\/\/gsminings.com\/wp-content\/uploads\/2022\/04\/Projet-e1651337490411.jpg\",\"width\":551,\"height\":417},{\"@type\":\"WebPage\",\"@id\":\"https:\/\/gsminings.com\/index.php\/soumettre-un-projet\/#webpage\",\"url\":\"https:\/\/gsminings.com\/index.php\/soumettre-un-projet\/\",\"name\":\"Soumettre un projet - gsminings\",\"isPartOf\":{\"@id\":\"https:\/\/gsminings.com\/#website\"},\"primaryImageOfPage\":{\"@id\":\"https:\/\/gsminings.com\/index.php\/soumettre-un-projet\/#primaryimage\"},\"datePublished\":\"2021-04-09T23:43:16+00:00\",\"dateModified\":\"2023-10-03T12:06:58+00:00\",\"description\":\"Les qualit\u00e9s que nous appr\u00e9cions en tant qu'entrepreneur, avoir un projet innovant \u00e0 fort impact social, potentiel, poss\u00e9der de solides qualit\u00e9s entrepreneuriales, vouloir \u00eatre accompagn\u00e9(e) strat\u00e9giquement.\",\"breadcrumb\":{\"@id\":\"https:\/\/gsminings.com\/index.php\/soumettre-un-projet\/#breadcrumb\"},\"inLanguage\":\"fr-FR\",\"potentialAction\":[{\"@type\":\"ReadAction\",\"target\":[\"https:\/\/gsminings.com\/index.php\/soumettre-un-projet\/\"]}]},{\"@type\":\"BreadcrumbList\",\"@id\":\"https:\/\/gsminings.com\/index.php\/soumettre-un-projet\/#breadcrumb\",\"itemListElement\":[{\"@type\":\"ListItem\",\"position\":1,\"name\":\"Accueil\",\"item\":\"https:\/\/gsminings.com\/\"},{\"@type\":\"ListItem\",\"position\":2,\"name\":\"Soumettre un projet\"}]}]}<\/script>\n<!-- \/ Yoast SEO plugin. -->","yoast_head_json":{"title":"Soumettre un projet - gsminings","description":"Les qualit\u00e9s que nous appr\u00e9cions en tant qu'entrepreneur, avoir un projet innovant \u00e0 fort impact social, potentiel, poss\u00e9der de solides qualit\u00e9s entrepreneuriales, vouloir \u00eatre accompagn\u00e9(e) strat\u00e9giquement.","robots":{"index":"index","follow":"follow","max-snippet":"max-snippet:-1","max-image-preview":"max-image-preview:large","max-video-preview":"max-video-preview:-1"},"canonical":"https:\/\/gsminings.com\/index.php\/soumettre-un-projet\/","og_locale":"fr_FR","og_type":"article","og_title":"Soumettre un projet - gsminings","og_description":"Les qualit\u00e9s que nous appr\u00e9cions en tant qu'entrepreneur, avoir un projet innovant \u00e0 fort impact social, potentiel, poss\u00e9der de solides qualit\u00e9s entrepreneuriales, vouloir \u00eatre accompagn\u00e9(e) strat\u00e9giquement.","og_url":"https:\/\/gsminings.com\/index.php\/soumettre-un-projet\/","og_site_name":"gsminings","article_modified_time":"2023-10-03T12:06:58+00:00","og_image":[{"url":"https:\/\/gsminings.com\/wp-content\/uploads\/2022\/04\/Projet-e1651337490411.jpg"}],"twitter_card":"summary_large_image","twitter_misc":{"Dur\u00e9e de lecture estim\u00e9e":"1 minute"},"schema":{"@context":"https:\/\/schema.org","@graph":[{"@type":"Organization","@id":"https:\/\/gsminings.com\/#organization","name":"h.k geoengineering","url":"https:\/\/gsminings.com\/","sameAs":[],"logo":{"@type":"ImageObject","@id":"https:\/\/gsminings.com\/#logo","inLanguage":"fr-FR","url":"https:\/\/hkgeoengineering.com\/wp-content\/uploads\/2022\/04\/cropped-Logo-AI-1.png","contentUrl":"https:\/\/hkgeoengineering.com\/wp-content\/uploads\/2022\/04\/cropped-Logo-AI-1.png","width":512,"height":512,"caption":"h.k geoengineering"},"image":{"@id":"https:\/\/gsminings.com\/#logo"}},{"@type":"WebSite","@id":"https:\/\/gsminings.com\/#website","url":"https:\/\/gsminings.com\/","name":"gsminings","description":"Global Spirit Mining les sp\u00e9cialiste en mati\u00e8re de mine","publisher":{"@id":"https:\/\/gsminings.com\/#organization"},"potentialAction":[{"@type":"SearchAction","target":{"@type":"EntryPoint","urlTemplate":"https:\/\/gsminings.com\/?s={search_term_string}"},"query-input":"required name=search_term_string"}],"inLanguage":"fr-FR"},{"@type":"ImageObject","@id":"https:\/\/gsminings.com\/index.php\/soumettre-un-projet\/#primaryimage","inLanguage":"fr-FR","url":"https:\/\/gsminings.com\/wp-content\/uploads\/2022\/04\/Projet-e1651337490411.jpg","contentUrl":"https:\/\/gsminings.com\/wp-content\/uploads\/2022\/04\/Projet-e1651337490411.jpg","width":551,"height":417},{"@type":"WebPage","@id":"https:\/\/gsminings.com\/index.php\/soumettre-un-projet\/#webpage","url":"https:\/\/gsminings.com\/index.php\/soumettre-un-projet\/","name":"Soumettre un projet - gsminings","isPartOf":{"@id":"https:\/\/gsminings.com\/#website"},"primaryImageOfPage":{"@id":"https:\/\/gsminings.com\/index.php\/soumettre-un-projet\/#primaryimage"},"datePublished":"2021-04-09T23:43:16+00:00","dateModified":"2023-10-03T12:06:58+00:00","description":"Les qualit\u00e9s que nous appr\u00e9cions en tant qu'entrepreneur, avoir un projet innovant \u00e0 fort impact social, potentiel, poss\u00e9der de solides qualit\u00e9s entrepreneuriales, vouloir \u00eatre accompagn\u00e9(e) strat\u00e9giquement.","breadcrumb":{"@id":"https:\/\/gsminings.com\/index.php\/soumettre-un-projet\/#breadcrumb"},"inLanguage":"fr-FR","potentialAction":[{"@type":"ReadAction","target":["https:\/\/gsminings.com\/index.php\/soumettre-un-projet\/"]}]},{"@type":"BreadcrumbList","@id":"https:\/\/gsminings.com\/index.php\/soumettre-un-projet\/#breadcrumb","itemListElement":[{"@type":"ListItem","position":1,"name":"Accueil","item":"https:\/\/gsminings.com\/"},{"@type":"ListItem","position":2,"name":"Soumettre un projet"}]}]}},"_links":{"self":[{"href":"https:\/\/gsminings.com\/index.php\/wp-json\/wp\/v2\/pages\/4079","targetHints":{"allow":["GET"]}}],"collection":[{"href":"https:\/\/gsminings.com\/index.php\/wp-json\/wp\/v2\/pages"}],"about":[{"href":"https:\/\/gsminings.com\/index.php\/wp-json\/wp\/v2\/types\/page"}],"author":[{"embeddable":true,"href":"https:\/\/gsminings.com\/index.php\/wp-json\/wp\/v2\/users\/1"}],"replies":[{"embeddable":true,"href":"https:\/\/gsminings.com\/index.php\/wp-json\/wp\/v2\/comments?post=4079"}],"version-history":[{"count":42,"href":"https:\/\/gsminings.com\/index.php\/wp-json\/wp\/v2\/pages\/4079\/revisions"}],"predecessor-version":[{"id":5314,"href":"https:\/\/gsminings.com\/index.php\/wp-json\/wp\/v2\/pages\/4079\/revisions\/5314"}],"wp:attachment":[{"href":"https:\/\/gsminings.com\/index.php\/wp-json\/wp\/v2\/media?parent=4079"}],"curies":[{"name":"wp","href":"https:\/\/api.w.org\/{rel}","templated":true}]}}