{"id":4302,"date":"2021-04-11T00:50:25","date_gmt":"2021-04-11T00:50:25","guid":{"rendered":"https:\/\/essentials.pixfort.com\/company-elementor\/?page_id=4302"},"modified":"2023-09-28T06:39:03","modified_gmt":"2023-09-28T06:39:03","slug":"contact","status":"publish","type":"page","link":"https:\/\/gsminings.com\/index.php\/contact\/","title":{"rendered":"Contactez nous"},"content":{"rendered":"\t\t<div data-elementor-type=\"wp-page\" data-elementor-id=\"4302\" class=\"elementor elementor-4302\" data-elementor-settings=\"[]\">\n\t\t\t\t\t\t\t<div class=\"elementor-section-wrap\">\n\t\t\t\t\t\t\t<section class=\"elementor-section elementor-top-section elementor-element elementor-element-31cfcf2 elementor-section-boxed elementor-section-height-default elementor-section-height-default\" data-id=\"31cfcf2\" data-element_type=\"section\" data-settings=\"{&quot;background_background&quot;:&quot;classic&quot;}\">\n\t\t\t\t\t\t<div class=\"elementor-container elementor-column-gap-default\">\n\t\t\t\t\t<div class=\"elementor-column elementor-col-50 elementor-top-column elementor-element elementor-element-863ec05\" data-id=\"863ec05\" data-element_type=\"column\">\n\t\t\t<div class=\"elementor-widget-wrap elementor-element-populated\">\n\t\t\t\t\t\t\t\t<div class=\"elementor-element elementor-element-fc365d9 elementor-widget elementor-widget-pix-heading\" data-id=\"fc365d9\" data-element_type=\"widget\" data-widget_type=\"pix-heading.default\">\n\t\t\t\t<div class=\"elementor-widget-container\">\n\t\t\t<div  class=\"pix-heading-el text-left \"><div><div class=\"slide-in-container\"><h3 class=\"text-heading-default font-weight-bold heading-text el-title_custom_color mb-12\" style=\"\" data-anim-type=\"\" data-anim-delay=\"\">Prenez un rendez-vous d\u00e8s maintenant<\/h3><\/div><\/div><\/div>\t\t<\/div>\n\t\t\t\t<\/div>\n\t\t\t\t<div class=\"elementor-element elementor-element-938f1c2 elementor-invisible elementor-widget elementor-widget-pix-social-icons\" data-id=\"938f1c2\" data-element_type=\"widget\" data-widget_type=\"pix-social-icons.default\">\n\t\t\t\t<div class=\"elementor-widget-container\">\n\t\t\t<div class=\"text-heading-default text-left pix-social-icons font-weight-bold d-inline-block \" style=\"font-size:32px;\"><a  href=\"https:\/\/www.facebook.com\/HK-G%C3%89O-Engineering-104101518952975\/\" aria-label=\"Facebook\" class=\"text-heading-default animate-in d-inline-block fly-sm  px-2\" data-anim-type=\"fade-in-up\" data-anim-delay=\"400\"><i class=\"pixicon-facebook3\" style=\"\"><\/i><\/a><\/div>\t\t<\/div>\n\t\t\t\t<\/div>\n\t\t\t\t<div class=\"elementor-element elementor-element-e21eb6d elementor-widget elementor-widget-pix-text\" data-id=\"e21eb6d\" data-element_type=\"widget\" data-widget_type=\"pix-text.default\">\n\t\t\t\t<div class=\"elementor-widget-container\">\n\t\t\t<div class=\"pix-el-text slide-in-container w-100 text-left \" ><div class=\"d-inline-block\" style=\"max-width:600px;\"><p class=\"text-20  text-body-default text-left font-weight-bold secondary-font\" >Pour nous contacter remplissez le formulaire ci-dessous<\/p><\/div><\/div>\t\t<\/div>\n\t\t\t\t<\/div>\n\t\t\t\t<div class=\"elementor-element elementor-element-52eb23d elementor-widget elementor-widget-text-editor\" data-id=\"52eb23d\" data-element_type=\"widget\" data-widget_type=\"text-editor.default\">\n\t\t\t\t<div class=\"elementor-widget-container\">\n\t\t\t\t\t\t\t\t<div role=\"form\" class=\"wpcf7\" id=\"wpcf7-f1566-o1\" lang=\"en-US\" dir=\"ltr\">\n<div class=\"screen-reader-response\"><p role=\"status\" aria-live=\"polite\" aria-atomic=\"true\"><\/p> <ul><\/ul><\/div>\n<form action=\"\/index.php\/wp-json\/wp\/v2\/pages\/4302#wpcf7-f1566-o1\" method=\"post\" class=\"wpcf7-form init\" novalidate=\"novalidate\" data-status=\"init\">\n<div style=\"display: none;\">\n<input type=\"hidden\" name=\"_wpcf7\" value=\"1566\" \/>\n<input type=\"hidden\" name=\"_wpcf7_version\" value=\"5.5.6\" \/>\n<input type=\"hidden\" name=\"_wpcf7_locale\" value=\"en_US\" \/>\n<input type=\"hidden\" name=\"_wpcf7_unit_tag\" value=\"wpcf7-f1566-o1\" \/>\n<input type=\"hidden\" name=\"_wpcf7_container_post\" value=\"0\" \/>\n<input type=\"hidden\" name=\"_wpcf7_posted_data_hash\" value=\"\" \/>\n<\/div>\n<div class=\"pix-contact7-form\"><div class=\"row\">\n<div class=\"col-lg-6\"><label class=\"w-100\">Nom pr\u00e9nom ou Organisation<br \/>\n<span class=\"wpcf7-form-control-wrap your-name\"><input type=\"text\" name=\"your-name\" value=\"\" size=\"40\" class=\"wpcf7-form-control wpcf7-text wpcf7-validates-as-required pix-my-5 shadow-0 bg-gray-1 form-control\" aria-required=\"true\" aria-invalid=\"false\" placeholder=\"Nom pr\u00e9nom\" \/><\/span><\/label><\/div>\n<div class=\"col-lg-6\"><label class=\"w-100\"> Adresse email*<br \/>\n<span class=\"wpcf7-form-control-wrap Email\"><input type=\"email\" name=\"Email\" value=\"\" size=\"40\" class=\"wpcf7-form-control wpcf7-text wpcf7-email wpcf7-validates-as-required wpcf7-validates-as-email pix-my-5 shadow-0 bg-gray-1 form-control\" aria-required=\"true\" aria-invalid=\"false\" placeholder=\"Votre adresse mail\" \/><\/span><\/label><\/div>\n<div class=\"col-lg-6\"><label class=\"w-100\">T\u00e9l*<br \/>\n<span class=\"wpcf7-form-control-wrap tel\"><input type=\"tel\" name=\"tel\" value=\"\" size=\"40\" class=\"wpcf7-form-control wpcf7-text wpcf7-tel wpcf7-validates-as-required wpcf7-validates-as-tel pix-my-5 shadow-0 bg-gray-1 form-control\" aria-required=\"true\" aria-invalid=\"false\" placeholder=\"num\u00e9ro t\u00e9l\u00e9phone\" \/><\/span><\/label><\/div>\n<div class=\"col-12\"><label class=\"w-100\">Sujet*<br \/>\n<span class=\"wpcf7-form-control-wrap Votre\"><input type=\"text\" name=\"Votre\" value=\"\" size=\"40\" class=\"wpcf7-form-control wpcf7-text wpcf7-validates-as-required pix-my-5 shadow-0 bg-gray-1 form-control\" aria-required=\"true\" aria-invalid=\"false\" placeholder=\"saisir votre sujet\" \/><\/span><\/label><\/div>\n<div class=\"col-12\"><label class=\"w-100\">Ecrire votre message below<span class=\"wpcf7-form-control-wrap your-message\"><textarea name=\"your-message\" cols=\"40\" rows=\"4\" class=\"wpcf7-form-control wpcf7-textarea wpcf7-validates-as-required pix-my-5 shadow-0 bg-gray-1 form-control\" aria-required=\"true\" aria-invalid=\"false\" placeholder=\"Message\"><\/textarea><\/span><\/label><\/div>\n<\/div>\n<p><input type=\"submit\" value=\"Envoyer\" class=\"wpcf7-form-control has-spinner wpcf7-submit btn btn-green text-white w-100 pix-mt-10 font-weight-bold btn-lg shadow-hover\" \/><\/p>\n<\/div><div class=\"wpcf7-response-output\" aria-hidden=\"true\"><\/div><\/form><\/div>\t\t\t\t\t\t<\/div>\n\t\t\t\t<\/div>\n\t\t\t\t\t<\/div>\n\t\t<\/div>\n\t\t\t\t<div class=\"elementor-column elementor-col-50 elementor-top-column elementor-element elementor-element-cefad4f\" data-id=\"cefad4f\" data-element_type=\"column\">\n\t\t\t<div class=\"elementor-widget-wrap\">\n\t\t\t\t\t\t\t\t\t<\/div>\n\t\t<\/div>\n\t\t\t\t\t\t\t<\/div>\n\t\t<\/section>\n\t\t\t\t\t\t<\/div>\n\t\t\t\t\t<\/div>\n\t\t","protected":false},"excerpt":{"rendered":"Prenez un rendez-vous d\u00e8s maintenant Pour nous contacter remplissez le formulaire ci-dessous","protected":false},"author":1,"featured_media":0,"parent":0,"menu_order":0,"comment_status":"closed","ping_status":"closed","template":"","meta":{"footnotes":""},"class_list":["post-4302","page","type-page","status-publish","hentry"],"yoast_head":"<!-- This site is optimized with the Yoast SEO plugin v18.6 - https:\/\/yoast.com\/wordpress\/plugins\/seo\/ -->\n<title>Contactez nous - gsminings<\/title>\n<meta name=\"description\" content=\"Prenez un rendez-vous d\u00e8s maintenant avec Global Spirit Mining\" \/>\n<meta name=\"robots\" content=\"index, follow, max-snippet:-1, max-image-preview:large, max-video-preview:-1\" \/>\n<link rel=\"canonical\" href=\"https:\/\/gsminings.com\/index.php\/contact\/\" \/>\n<meta property=\"og:locale\" content=\"fr_FR\" \/>\n<meta property=\"og:type\" content=\"article\" \/>\n<meta property=\"og:title\" content=\"Contactez nous - gsminings\" \/>\n<meta property=\"og:description\" content=\"Prenez un rendez-vous d\u00e8s maintenant avec Global Spirit Mining\" \/>\n<meta property=\"og:url\" content=\"https:\/\/gsminings.com\/index.php\/contact\/\" \/>\n<meta property=\"og:site_name\" content=\"gsminings\" \/>\n<meta property=\"article:modified_time\" content=\"2023-09-28T06:39:03+00:00\" \/>\n<meta name=\"twitter:card\" content=\"summary_large_image\" \/>\n<meta name=\"twitter:label1\" content=\"Dur\u00e9e de lecture estim\u00e9e\" \/>\n\t<meta name=\"twitter:data1\" content=\"1 minute\" \/>\n<script type=\"application\/ld+json\" class=\"yoast-schema-graph\">{\"@context\":\"https:\/\/schema.org\",\"@graph\":[{\"@type\":\"Organization\",\"@id\":\"https:\/\/gsminings.com\/#organization\",\"name\":\"h.k geoengineering\",\"url\":\"https:\/\/gsminings.com\/\",\"sameAs\":[],\"logo\":{\"@type\":\"ImageObject\",\"@id\":\"https:\/\/gsminings.com\/#logo\",\"inLanguage\":\"fr-FR\",\"url\":\"https:\/\/hkgeoengineering.com\/wp-content\/uploads\/2022\/04\/cropped-Logo-AI-1.png\",\"contentUrl\":\"https:\/\/hkgeoengineering.com\/wp-content\/uploads\/2022\/04\/cropped-Logo-AI-1.png\",\"width\":512,\"height\":512,\"caption\":\"h.k geoengineering\"},\"image\":{\"@id\":\"https:\/\/gsminings.com\/#logo\"}},{\"@type\":\"WebSite\",\"@id\":\"https:\/\/gsminings.com\/#website\",\"url\":\"https:\/\/gsminings.com\/\",\"name\":\"gsminings\",\"description\":\"Global Spirit Mining les sp\u00e9cialiste en mati\u00e8re de mine\",\"publisher\":{\"@id\":\"https:\/\/gsminings.com\/#organization\"},\"potentialAction\":[{\"@type\":\"SearchAction\",\"target\":{\"@type\":\"EntryPoint\",\"urlTemplate\":\"https:\/\/gsminings.com\/?s={search_term_string}\"},\"query-input\":\"required name=search_term_string\"}],\"inLanguage\":\"fr-FR\"},{\"@type\":\"WebPage\",\"@id\":\"https:\/\/gsminings.com\/index.php\/contact\/#webpage\",\"url\":\"https:\/\/gsminings.com\/index.php\/contact\/\",\"name\":\"Contactez nous - gsminings\",\"isPartOf\":{\"@id\":\"https:\/\/gsminings.com\/#website\"},\"datePublished\":\"2021-04-11T00:50:25+00:00\",\"dateModified\":\"2023-09-28T06:39:03+00:00\",\"description\":\"Prenez un rendez-vous d\u00e8s maintenant avec Global Spirit Mining\",\"breadcrumb\":{\"@id\":\"https:\/\/gsminings.com\/index.php\/contact\/#breadcrumb\"},\"inLanguage\":\"fr-FR\",\"potentialAction\":[{\"@type\":\"ReadAction\",\"target\":[\"https:\/\/gsminings.com\/index.php\/contact\/\"]}]},{\"@type\":\"BreadcrumbList\",\"@id\":\"https:\/\/gsminings.com\/index.php\/contact\/#breadcrumb\",\"itemListElement\":[{\"@type\":\"ListItem\",\"position\":1,\"name\":\"Accueil\",\"item\":\"https:\/\/gsminings.com\/\"},{\"@type\":\"ListItem\",\"position\":2,\"name\":\"Contactez nous\"}]}]}<\/script>\n<!-- \/ Yoast SEO plugin. -->","yoast_head_json":{"title":"Contactez nous - gsminings","description":"Prenez un rendez-vous d\u00e8s maintenant avec Global Spirit Mining","robots":{"index":"index","follow":"follow","max-snippet":"max-snippet:-1","max-image-preview":"max-image-preview:large","max-video-preview":"max-video-preview:-1"},"canonical":"https:\/\/gsminings.com\/index.php\/contact\/","og_locale":"fr_FR","og_type":"article","og_title":"Contactez nous - gsminings","og_description":"Prenez un rendez-vous d\u00e8s maintenant avec Global Spirit Mining","og_url":"https:\/\/gsminings.com\/index.php\/contact\/","og_site_name":"gsminings","article_modified_time":"2023-09-28T06:39:03+00:00","twitter_card":"summary_large_image","twitter_misc":{"Dur\u00e9e de lecture estim\u00e9e":"1 minute"},"schema":{"@context":"https:\/\/schema.org","@graph":[{"@type":"Organization","@id":"https:\/\/gsminings.com\/#organization","name":"h.k geoengineering","url":"https:\/\/gsminings.com\/","sameAs":[],"logo":{"@type":"ImageObject","@id":"https:\/\/gsminings.com\/#logo","inLanguage":"fr-FR","url":"https:\/\/hkgeoengineering.com\/wp-content\/uploads\/2022\/04\/cropped-Logo-AI-1.png","contentUrl":"https:\/\/hkgeoengineering.com\/wp-content\/uploads\/2022\/04\/cropped-Logo-AI-1.png","width":512,"height":512,"caption":"h.k geoengineering"},"image":{"@id":"https:\/\/gsminings.com\/#logo"}},{"@type":"WebSite","@id":"https:\/\/gsminings.com\/#website","url":"https:\/\/gsminings.com\/","name":"gsminings","description":"Global Spirit Mining les sp\u00e9cialiste en mati\u00e8re de mine","publisher":{"@id":"https:\/\/gsminings.com\/#organization"},"potentialAction":[{"@type":"SearchAction","target":{"@type":"EntryPoint","urlTemplate":"https:\/\/gsminings.com\/?s={search_term_string}"},"query-input":"required name=search_term_string"}],"inLanguage":"fr-FR"},{"@type":"WebPage","@id":"https:\/\/gsminings.com\/index.php\/contact\/#webpage","url":"https:\/\/gsminings.com\/index.php\/contact\/","name":"Contactez nous - gsminings","isPartOf":{"@id":"https:\/\/gsminings.com\/#website"},"datePublished":"2021-04-11T00:50:25+00:00","dateModified":"2023-09-28T06:39:03+00:00","description":"Prenez un rendez-vous d\u00e8s maintenant avec Global Spirit Mining","breadcrumb":{"@id":"https:\/\/gsminings.com\/index.php\/contact\/#breadcrumb"},"inLanguage":"fr-FR","potentialAction":[{"@type":"ReadAction","target":["https:\/\/gsminings.com\/index.php\/contact\/"]}]},{"@type":"BreadcrumbList","@id":"https:\/\/gsminings.com\/index.php\/contact\/#breadcrumb","itemListElement":[{"@type":"ListItem","position":1,"name":"Accueil","item":"https:\/\/gsminings.com\/"},{"@type":"ListItem","position":2,"name":"Contactez nous"}]}]}},"_links":{"self":[{"href":"https:\/\/gsminings.com\/index.php\/wp-json\/wp\/v2\/pages\/4302","targetHints":{"allow":["GET"]}}],"collection":[{"href":"https:\/\/gsminings.com\/index.php\/wp-json\/wp\/v2\/pages"}],"about":[{"href":"https:\/\/gsminings.com\/index.php\/wp-json\/wp\/v2\/types\/page"}],"author":[{"embeddable":true,"href":"https:\/\/gsminings.com\/index.php\/wp-json\/wp\/v2\/users\/1"}],"replies":[{"embeddable":true,"href":"https:\/\/gsminings.com\/index.php\/wp-json\/wp\/v2\/comments?post=4302"}],"version-history":[{"count":21,"href":"https:\/\/gsminings.com\/index.php\/wp-json\/wp\/v2\/pages\/4302\/revisions"}],"predecessor-version":[{"id":5269,"href":"https:\/\/gsminings.com\/index.php\/wp-json\/wp\/v2\/pages\/4302\/revisions\/5269"}],"wp:attachment":[{"href":"https:\/\/gsminings.com\/index.php\/wp-json\/wp\/v2\/media?parent=4302"}],"curies":[{"name":"wp","href":"https:\/\/api.w.org\/{rel}","templated":true}]}}