{"id":4401,"date":"2022-04-26T15:04:30","date_gmt":"2022-04-26T15:04:30","guid":{"rendered":"https:\/\/hkgeoengineering.com\/?page_id=4401"},"modified":"2023-09-25T23:45:00","modified_gmt":"2023-09-25T23:45:00","slug":"conseils-et-appuis-hk-geoengineering","status":"publish","type":"page","link":"https:\/\/gsminings.com\/index.php\/conseils-et-appuis-hk-geoengineering\/","title":{"rendered":"Conseils et Appuis"},"content":{"rendered":"<p>[vc_section full_width=\u00a0\u00bbstretch_row\u00a0\u00bb pix_over_visibility=\u00a0\u00bb\u00a0\u00bb css=\u00a0\u00bb.vc_custom_1651247389184{margin-top: -100px !important;padding-top: 1px !important;padding-bottom: 80px !important;background-color: #ffffff !important;}\u00a0\u00bb][vc_row full_width=\u00a0\u00bbstretch_row\u00a0\u00bb content_placement=\u00a0\u00bbmiddle\u00a0\u00bb pix_particles_check=\u00a0\u00bb\u00a0\u00bb css=\u00a0\u00bb.vc_custom_1590194617797{padding-top: 40px !important;padding-bottom: 40px !important;background-color: #ffffff !important;}\u00a0\u00bb][vc_column width=\u00a0\u00bb1\/2&Prime; css=\u00a0\u00bb.vc_custom_1592491872864{padding-right: 20px !important;padding-left: 20px !important;}\u00a0\u00bb]<div class=\"d-inline-block \" style=\"width:100%;\"><div class=\"animate-in w-100 d-inline-block\" data-anim-type=\"fade-in-right\" data-anim-delay=\"200\"><div class=\"pix-img-el  vc_custom_1651144937840   shadow-lg text-left d-inline-block  w-100 rounded-xl\"  ><img loading=\"lazy\" decoding=\"async\" class=\"card-img2 pix-img-elem rounded-xl  h-1002\" style=\"width:100%;height:auto;\" width=\"800\" height=\"800\" srcset=\"https:\/\/gsminings.com\/wp-content\/uploads\/2022\/04\/Copie-de-1-1.png 800w, https:\/\/gsminings.com\/wp-content\/uploads\/2022\/04\/Copie-de-1-1-300x300.png 300w, https:\/\/gsminings.com\/wp-content\/uploads\/2022\/04\/Copie-de-1-1-150x150.png 150w, https:\/\/gsminings.com\/wp-content\/uploads\/2022\/04\/Copie-de-1-1-768x768.png 768w, https:\/\/gsminings.com\/wp-content\/uploads\/2022\/04\/Copie-de-1-1-400x400.png 400w, https:\/\/gsminings.com\/wp-content\/uploads\/2022\/04\/Copie-de-1-1-75x75.png 75w, https:\/\/gsminings.com\/wp-content\/uploads\/2022\/04\/Copie-de-1-1-460x460.png 460w\" sizes=\"auto, (max-width: 800px) 100vw, 800px\" src=\"https:\/\/gsminings.com\/wp-content\/uploads\/2022\/04\/Copie-de-1-1.png\" alt=\"\" \/><\/div><\/div><\/div>[\/vc_column][vc_column width=\u00a0\u00bb1\/2&Prime;]<div class=\"text-left \"><div><h1 class=\"pix-headline my-3  loading-bar text-dark-opacity-9 font-weight-bold  secondary-font animate-in\" style=\"\" data-anim-type=\"fade-in-up\" data-anim-delay=\"0\" ><span>Conseils et Appuis <\/span><span class=\"pix-words-wrapper\"><span class=\"pix-bar bg-dark-opacity-9\" ><\/span><\/span><span><\/span><\/h1><\/div><\/div><div class=\"pix-el-text slide-in-container w-100   vc_custom_1695685492286\" ><p class=\"text-20  text-body-default  \" ><span class=\"animate-in d-inline-block\" data-anim-delay=\"200\" data-anim-type=\"fade-in-up\">\u00c0 Global Spirit Mining nous vous apportons des recommandations et un Accompagnement dans la prise des d\u00e9cisions, ainsi que le d\u00e9veloppement des strat\u00e9gies et approches pour une optimisation des travaux d\u2019ing\u00e9nierie mini\u00e8re.<\/span><\/p><\/div><a  href=\"https:\/\/hkgeoengineering.com\/index.php\/contact\/\" class=\"btn mb-2    vc_custom_1651247282138  text-heading-default btn-blink-white d-inline-block pix-hover-item       animate-in btn-lg\"   data-anim-type=\"fade-in-left\" data-anim-delay=\"600\" ><i class=\"font-weight-bold pixicon-paper-plane-1  pix-hover-left  mr-1\"><\/i> <span class=\"font-weight-bold \" >Contactez-nous<\/span><\/a>[\/vc_column][\/vc_row][\/vc_section]<\/p>\n","protected":false},"excerpt":{"rendered":"[vc_section full_width=\u00a0\u00bbstretch_row\u00a0\u00bb pix_over_visibility=\u00a0\u00bb\u00a0\u00bb css=\u00a0\u00bb.vc_custom_1651247389184{margin-top: -100px !important;padding-top: 1px !important;padding-bottom: 80px !important;background-color: #ffffff !important;}\u00a0\u00bb][vc_row full_width=\u00a0\u00bbstretch_row\u00a0\u00bb content_placement=\u00a0\u00bbmiddle\u00a0\u00bb pix_particles_check=\u00a0\u00bb\u00a0\u00bb css=\u00a0\u00bb.vc_custom_1590194617797{padding-top: 40px !important;padding-bottom: 40px !important;background-color: #ffffff !important;}\u00a0\u00bb][vc_column width=\u00a0\u00bb1\/2&Prime; css=\u00a0\u00bb.vc_custom_1592491872864{padding-right: 20px !important;padding-left: 20px !important;}\u00a0\u00bb][\/vc_column][vc_column width=\u00a0\u00bb1\/2&Prime;][\/vc_column][\/vc_row][\/vc_section]","protected":false},"author":1,"featured_media":0,"parent":0,"menu_order":0,"comment_status":"closed","ping_status":"closed","template":"","meta":{"footnotes":""},"class_list":["post-4401","page","type-page","status-publish","hentry"],"yoast_head":"<!-- This site is optimized with the Yoast SEO plugin v18.6 - https:\/\/yoast.com\/wordpress\/plugins\/seo\/ -->\n<title>Conseils et Appuis - gsminings<\/title>\n<meta name=\"description\" content=\"\u00c0 Hk g\u00e9oengineering, nous vous apportons des recommandations et un Accompagnement dans la prise des d\u00e9cisions, ainsi que le d\u00e9veloppement des strat\u00e9gies et approches pour une optimisation des travaux d\u2019ing\u00e9nierie mini\u00e8re.\" \/>\n<meta name=\"robots\" content=\"index, follow, max-snippet:-1, max-image-preview:large, max-video-preview:-1\" \/>\n<link rel=\"canonical\" href=\"https:\/\/gsminings.com\/index.php\/conseils-et-appuis-hk-geoengineering\/\" \/>\n<meta property=\"og:locale\" content=\"fr_FR\" \/>\n<meta property=\"og:type\" content=\"article\" \/>\n<meta property=\"og:title\" content=\"Conseils et Appuis - gsminings\" \/>\n<meta property=\"og:description\" content=\"\u00c0 Hk g\u00e9oengineering, nous vous apportons des recommandations et un Accompagnement dans la prise des d\u00e9cisions, ainsi que le d\u00e9veloppement des strat\u00e9gies et approches pour une optimisation des travaux d\u2019ing\u00e9nierie mini\u00e8re.\" \/>\n<meta property=\"og:url\" content=\"https:\/\/gsminings.com\/index.php\/conseils-et-appuis-hk-geoengineering\/\" \/>\n<meta property=\"og:site_name\" content=\"gsminings\" \/>\n<meta property=\"article:modified_time\" content=\"2023-09-25T23:45:00+00:00\" \/>\n<meta name=\"twitter:card\" content=\"summary_large_image\" \/>\n<meta name=\"twitter:label1\" content=\"Dur\u00e9e de lecture estim\u00e9e\" \/>\n\t<meta name=\"twitter:data1\" content=\"1 minute\" \/>\n<script type=\"application\/ld+json\" class=\"yoast-schema-graph\">{\"@context\":\"https:\/\/schema.org\",\"@graph\":[{\"@type\":\"Organization\",\"@id\":\"https:\/\/gsminings.com\/#organization\",\"name\":\"h.k geoengineering\",\"url\":\"https:\/\/gsminings.com\/\",\"sameAs\":[],\"logo\":{\"@type\":\"ImageObject\",\"@id\":\"https:\/\/gsminings.com\/#logo\",\"inLanguage\":\"fr-FR\",\"url\":\"https:\/\/hkgeoengineering.com\/wp-content\/uploads\/2022\/04\/cropped-Logo-AI-1.png\",\"contentUrl\":\"https:\/\/hkgeoengineering.com\/wp-content\/uploads\/2022\/04\/cropped-Logo-AI-1.png\",\"width\":512,\"height\":512,\"caption\":\"h.k geoengineering\"},\"image\":{\"@id\":\"https:\/\/gsminings.com\/#logo\"}},{\"@type\":\"WebSite\",\"@id\":\"https:\/\/gsminings.com\/#website\",\"url\":\"https:\/\/gsminings.com\/\",\"name\":\"gsminings\",\"description\":\"Global Spirit Mining les sp\u00e9cialiste en mati\u00e8re de mine\",\"publisher\":{\"@id\":\"https:\/\/gsminings.com\/#organization\"},\"potentialAction\":[{\"@type\":\"SearchAction\",\"target\":{\"@type\":\"EntryPoint\",\"urlTemplate\":\"https:\/\/gsminings.com\/?s={search_term_string}\"},\"query-input\":\"required name=search_term_string\"}],\"inLanguage\":\"fr-FR\"},{\"@type\":\"WebPage\",\"@id\":\"https:\/\/gsminings.com\/index.php\/conseils-et-appuis-hk-geoengineering\/#webpage\",\"url\":\"https:\/\/gsminings.com\/index.php\/conseils-et-appuis-hk-geoengineering\/\",\"name\":\"Conseils et Appuis - gsminings\",\"isPartOf\":{\"@id\":\"https:\/\/gsminings.com\/#website\"},\"datePublished\":\"2022-04-26T15:04:30+00:00\",\"dateModified\":\"2023-09-25T23:45:00+00:00\",\"description\":\"\u00c0 Hk g\u00e9oengineering, nous vous apportons des recommandations et un Accompagnement dans la prise des d\u00e9cisions, ainsi que le d\u00e9veloppement des strat\u00e9gies et approches pour une optimisation des travaux d\u2019ing\u00e9nierie mini\u00e8re.\",\"breadcrumb\":{\"@id\":\"https:\/\/gsminings.com\/index.php\/conseils-et-appuis-hk-geoengineering\/#breadcrumb\"},\"inLanguage\":\"fr-FR\",\"potentialAction\":[{\"@type\":\"ReadAction\",\"target\":[\"https:\/\/gsminings.com\/index.php\/conseils-et-appuis-hk-geoengineering\/\"]}]},{\"@type\":\"BreadcrumbList\",\"@id\":\"https:\/\/gsminings.com\/index.php\/conseils-et-appuis-hk-geoengineering\/#breadcrumb\",\"itemListElement\":[{\"@type\":\"ListItem\",\"position\":1,\"name\":\"Accueil\",\"item\":\"https:\/\/gsminings.com\/\"},{\"@type\":\"ListItem\",\"position\":2,\"name\":\"Conseils et Appuis\"}]}]}<\/script>\n<!-- \/ Yoast SEO plugin. -->","yoast_head_json":{"title":"Conseils et Appuis - gsminings","description":"\u00c0 Hk g\u00e9oengineering, nous vous apportons des recommandations et un Accompagnement dans la prise des d\u00e9cisions, ainsi que le d\u00e9veloppement des strat\u00e9gies et approches pour une optimisation des travaux d\u2019ing\u00e9nierie mini\u00e8re.","robots":{"index":"index","follow":"follow","max-snippet":"max-snippet:-1","max-image-preview":"max-image-preview:large","max-video-preview":"max-video-preview:-1"},"canonical":"https:\/\/gsminings.com\/index.php\/conseils-et-appuis-hk-geoengineering\/","og_locale":"fr_FR","og_type":"article","og_title":"Conseils et Appuis - gsminings","og_description":"\u00c0 Hk g\u00e9oengineering, nous vous apportons des recommandations et un Accompagnement dans la prise des d\u00e9cisions, ainsi que le d\u00e9veloppement des strat\u00e9gies et approches pour une optimisation des travaux d\u2019ing\u00e9nierie mini\u00e8re.","og_url":"https:\/\/gsminings.com\/index.php\/conseils-et-appuis-hk-geoengineering\/","og_site_name":"gsminings","article_modified_time":"2023-09-25T23:45:00+00:00","twitter_card":"summary_large_image","twitter_misc":{"Dur\u00e9e de lecture estim\u00e9e":"1 minute"},"schema":{"@context":"https:\/\/schema.org","@graph":[{"@type":"Organization","@id":"https:\/\/gsminings.com\/#organization","name":"h.k geoengineering","url":"https:\/\/gsminings.com\/","sameAs":[],"logo":{"@type":"ImageObject","@id":"https:\/\/gsminings.com\/#logo","inLanguage":"fr-FR","url":"https:\/\/hkgeoengineering.com\/wp-content\/uploads\/2022\/04\/cropped-Logo-AI-1.png","contentUrl":"https:\/\/hkgeoengineering.com\/wp-content\/uploads\/2022\/04\/cropped-Logo-AI-1.png","width":512,"height":512,"caption":"h.k geoengineering"},"image":{"@id":"https:\/\/gsminings.com\/#logo"}},{"@type":"WebSite","@id":"https:\/\/gsminings.com\/#website","url":"https:\/\/gsminings.com\/","name":"gsminings","description":"Global Spirit Mining les sp\u00e9cialiste en mati\u00e8re de mine","publisher":{"@id":"https:\/\/gsminings.com\/#organization"},"potentialAction":[{"@type":"SearchAction","target":{"@type":"EntryPoint","urlTemplate":"https:\/\/gsminings.com\/?s={search_term_string}"},"query-input":"required name=search_term_string"}],"inLanguage":"fr-FR"},{"@type":"WebPage","@id":"https:\/\/gsminings.com\/index.php\/conseils-et-appuis-hk-geoengineering\/#webpage","url":"https:\/\/gsminings.com\/index.php\/conseils-et-appuis-hk-geoengineering\/","name":"Conseils et Appuis - gsminings","isPartOf":{"@id":"https:\/\/gsminings.com\/#website"},"datePublished":"2022-04-26T15:04:30+00:00","dateModified":"2023-09-25T23:45:00+00:00","description":"\u00c0 Hk g\u00e9oengineering, nous vous apportons des recommandations et un Accompagnement dans la prise des d\u00e9cisions, ainsi que le d\u00e9veloppement des strat\u00e9gies et approches pour une optimisation des travaux d\u2019ing\u00e9nierie mini\u00e8re.","breadcrumb":{"@id":"https:\/\/gsminings.com\/index.php\/conseils-et-appuis-hk-geoengineering\/#breadcrumb"},"inLanguage":"fr-FR","potentialAction":[{"@type":"ReadAction","target":["https:\/\/gsminings.com\/index.php\/conseils-et-appuis-hk-geoengineering\/"]}]},{"@type":"BreadcrumbList","@id":"https:\/\/gsminings.com\/index.php\/conseils-et-appuis-hk-geoengineering\/#breadcrumb","itemListElement":[{"@type":"ListItem","position":1,"name":"Accueil","item":"https:\/\/gsminings.com\/"},{"@type":"ListItem","position":2,"name":"Conseils et Appuis"}]}]}},"_links":{"self":[{"href":"https:\/\/gsminings.com\/index.php\/wp-json\/wp\/v2\/pages\/4401","targetHints":{"allow":["GET"]}}],"collection":[{"href":"https:\/\/gsminings.com\/index.php\/wp-json\/wp\/v2\/pages"}],"about":[{"href":"https:\/\/gsminings.com\/index.php\/wp-json\/wp\/v2\/types\/page"}],"author":[{"embeddable":true,"href":"https:\/\/gsminings.com\/index.php\/wp-json\/wp\/v2\/users\/1"}],"replies":[{"embeddable":true,"href":"https:\/\/gsminings.com\/index.php\/wp-json\/wp\/v2\/comments?post=4401"}],"version-history":[{"count":8,"href":"https:\/\/gsminings.com\/index.php\/wp-json\/wp\/v2\/pages\/4401\/revisions"}],"predecessor-version":[{"id":5167,"href":"https:\/\/gsminings.com\/index.php\/wp-json\/wp\/v2\/pages\/4401\/revisions\/5167"}],"wp:attachment":[{"href":"https:\/\/gsminings.com\/index.php\/wp-json\/wp\/v2\/media?parent=4401"}],"curies":[{"name":"wp","href":"https:\/\/api.w.org\/{rel}","templated":true}]}}