{"id":4595,"date":"2022-04-28T12:56:23","date_gmt":"2022-04-28T12:56:23","guid":{"rendered":"https:\/\/hkgeoengineering.com\/?page_id=4595"},"modified":"2023-09-28T06:47:16","modified_gmt":"2023-09-28T06:47:16","slug":"devenir-membre-global-spirit-mining","status":"publish","type":"page","link":"https:\/\/gsminings.com\/index.php\/devenir-membre-global-spirit-mining\/","title":{"rendered":"Devenir membre"},"content":{"rendered":"[vc_section full_width=\u00a0\u00bbstretch_row\u00a0\u00bb fade_in_opacity=\u00a0\u00bbpix-opacity-7&Prime; pix_scale_in=\u00a0\u00bbpix-scale-in-xs\u00a0\u00bb pix_over_visibility=\u00a0\u00bb\u00a0\u00bb pix_overlay_color=\u00a0\u00bbgray-9&Prime; css=\u00a0\u00bb.vc_custom_1651249838160{margin-top: -100px !important;background-image: url(https:\/\/essentials.pixfort.com\/landing\/wp-content\/uploads\/sites\/16\/2020\/06\/pattern-people-white.png?id=3099) !important;}\u00a0\u00bb pix_overlay_opacity=\u00a0\u00bb0.95&Prime; fade_in_intro=\u00a0\u00bb4492&Prime;][vc_row full_width=\u00a0\u00bbstretch_row\u00a0\u00bb full_height=\u00a0\u00bbyes\u00a0\u00bb content_placement=\u00a0\u00bbmiddle\u00a0\u00bb bottom_divider_select=\u00a0\u00bb8&Prime; b_has_animation=\u00a0\u00bbtrue\u00a0\u00bb b_1_color=\u00a0\u00bb#f8f5ff\u00a0\u00bb b_2_is_gradient=\u00a0\u00bbtrue\u00a0\u00bb b_2_color=\u00a0\u00bbrgba(132,82,249,0.9)\u00a0\u00bb b_2_color_2=\u00a0\u00bb#18f2a9&Prime; b_2_animation=\u00a0\u00bbfade-in-up\u00a0\u00bb b_3_is_gradient=\u00a0\u00bbtrue\u00a0\u00bb b_3_color=\u00a0\u00bbrgba(95,103,252,0.7)\u00a0\u00bb b_3_color_2=\u00a0\u00bbrgba(252,60,111,0.9)\u00a0\u00bb b_3_animation=\u00a0\u00bbfade-in-up\u00a0\u00bb b_flip_h=\u00a0\u00bbtrue\u00a0\u00bb pix_particles_check=\u00a0\u00bb\u00a0\u00bb css=\u00a0\u00bb.vc_custom_1651251472565{margin-right: -200px !important;padding-bottom: 40px !important;}\u00a0\u00bb b_2_delay=\u00a0\u00bb600&Prime; b_3_delay=\u00a0\u00bb700&Prime;][vc_column width=\u00a0\u00bb5\/12&Prime; css=\u00a0\u00bb.vc_custom_1651251405443{padding-bottom: 20px !important;}\u00a0\u00bb]<div class=\"pix-content-box card      vc_custom_1590979651552    rounded-xl shadow-lg shadow-hover-lg animate-in bg- w-100  \"  data-anim-type=\"fade-in-up\" data-anim-delay=\"0\"><div class=\"\" style=\"z-index:30;position:relative;\"><div id=\"sliding-text-1319848\" class=\"mb-3 text-center \"><h4 class=\"mb-32 pix-sliding-headline font-weight-bold secondary-font\" data-class=\"secondary-font text-heading-default\" data-style=\"\">Formulaire de contact<\/h4><\/div><div class=\"wpforms-container wpforms-container-full\" id=\"wpforms-4599\"><form id=\"wpforms-form-4599\" class=\"wpforms-validate wpforms-form wpforms-ajax-form\" data-formid=\"4599\" method=\"post\" enctype=\"multipart\/form-data\" action=\"\/index.php\/wp-json\/wp\/v2\/pages\/4595\" data-token=\"6ced4f37e8fe3d5ca437bc80563191e7\"><noscript class=\"wpforms-error-noscript\">Veuillez activer JavaScript dans votre navigateur pour remplir ce formulaire.<\/noscript><div class=\"wpforms-field-container\"><div id=\"wpforms-4599-field_1-container\" class=\"wpforms-field wpforms-field-name\" data-field-id=\"1\"><label class=\"wpforms-field-label\" for=\"wpforms-4599-field_1\">Nom <span class=\"wpforms-required-label\">*<\/span><\/label><div class=\"wpforms-field-row wpforms-field-medium\"><div class=\"wpforms-field-row-block wpforms-first wpforms-one-half\"><input type=\"text\" id=\"wpforms-4599-field_1\" class=\"wpforms-field-name-first wpforms-field-required\" name=\"wpforms[fields][1][first]\" required><label for=\"wpforms-4599-field_1\" class=\"wpforms-field-sublabel after \">Pr\u00e9nom<\/label><\/div><div class=\"wpforms-field-row-block wpforms-one-half\"><input type=\"text\" id=\"wpforms-4599-field_1-last\" class=\"wpforms-field-name-last wpforms-field-required\" name=\"wpforms[fields][1][last]\" required><label for=\"wpforms-4599-field_1-last\" class=\"wpforms-field-sublabel after \">Nom<\/label><\/div><\/div><\/div><div id=\"wpforms-4599-field_8-container\" class=\"wpforms-field wpforms-field-name\" data-field-id=\"8\"><label class=\"wpforms-field-label\" for=\"wpforms-4599-field_8\">Pays <span class=\"wpforms-required-label\">*<\/span><\/label><input type=\"text\" id=\"wpforms-4599-field_8\" class=\"wpforms-field-large wpforms-field-required\" name=\"wpforms[fields][8]\" required><\/div><div id=\"wpforms-4599-field_9-container\" class=\"wpforms-field wpforms-field-name\" data-field-id=\"9\"><label class=\"wpforms-field-label\" for=\"wpforms-4599-field_9\">Ville <span class=\"wpforms-required-label\">*<\/span><\/label><input type=\"text\" id=\"wpforms-4599-field_9\" class=\"wpforms-field-large wpforms-field-required\" name=\"wpforms[fields][9]\" required><\/div><div id=\"wpforms-4599-field_2-container\" class=\"wpforms-field wpforms-field-email\" data-field-id=\"2\"><label class=\"wpforms-field-label\" for=\"wpforms-4599-field_2\">Email <span class=\"wpforms-required-label\">*<\/span><\/label><input type=\"email\" id=\"wpforms-4599-field_2\" class=\"wpforms-field-large wpforms-field-required\" name=\"wpforms[fields][2]\" required><\/div><div id=\"wpforms-4599-field_17-container\" class=\"wpforms-field wpforms-field-number\" data-field-id=\"17\"><label class=\"wpforms-field-label\" for=\"wpforms-4599-field_17\">T\u00e9l <span class=\"wpforms-required-label\">*<\/span><\/label><input type=\"number\" pattern=\"\\d*\" id=\"wpforms-4599-field_17\" class=\"wpforms-field-medium wpforms-field-required\" name=\"wpforms[fields][17]\" required><\/div><div id=\"wpforms-4599-field_3-container\" class=\"wpforms-field wpforms-field-radio\" data-field-id=\"3\"><label class=\"wpforms-field-label\" for=\"wpforms-4599-field_3\">\u00cates-vous d\u00e9j\u00e0 membre de ce type d&#039;un organisation?<\/label><ul id=\"wpforms-4599-field_3\"><li class=\"choice-1 depth-1\"><input type=\"radio\" id=\"wpforms-4599-field_3_1\" name=\"wpforms[fields][3]\" value=\"Oui\"  ><label class=\"wpforms-field-label-inline\" for=\"wpforms-4599-field_3_1\">Oui<\/label><\/li><li class=\"choice-2 depth-1\"><input type=\"radio\" id=\"wpforms-4599-field_3_2\" name=\"wpforms[fields][3]\" value=\"Nom\"  ><label class=\"wpforms-field-label-inline\" for=\"wpforms-4599-field_3_2\">Nom<\/label><\/li><\/ul><\/div><div id=\"wpforms-4599-field_18-container\" class=\"wpforms-field wpforms-field-text\" data-field-id=\"18\"><label class=\"wpforms-field-label\" for=\"wpforms-4599-field_18\">Nom organisation<\/label><input type=\"text\" id=\"wpforms-4599-field_18\" class=\"wpforms-field-medium\" name=\"wpforms[fields][18]\" ><\/div><div id=\"wpforms-4599-field_4-container\" class=\"wpforms-field wpforms-field-checkbox wpforms-list-3-columns\" data-field-id=\"4\"><label class=\"wpforms-field-label\" for=\"wpforms-4599-field_4\">Vos champs d&#039;action<\/label><ul id=\"wpforms-4599-field_4\"><li class=\"choice-1 depth-1\"><input type=\"checkbox\" id=\"wpforms-4599-field_4_1\" name=\"wpforms[fields][4][]\" value=\"Administration\"  ><label class=\"wpforms-field-label-inline\" for=\"wpforms-4599-field_4_1\">Administration<\/label><\/li><li class=\"choice-2 depth-1\"><input type=\"checkbox\" id=\"wpforms-4599-field_4_2\" name=\"wpforms[fields][4][]\" value=\"Consultant\"  ><label class=\"wpforms-field-label-inline\" for=\"wpforms-4599-field_4_2\">Consultant<\/label><\/li><li class=\"choice-3 depth-1\"><input type=\"checkbox\" id=\"wpforms-4599-field_4_3\" name=\"wpforms[fields][4][]\" value=\" Expert conseil\"  ><label class=\"wpforms-field-label-inline\" for=\"wpforms-4599-field_4_3\"> Expert conseil<\/label><\/li><li class=\"choice-4 depth-1\"><input type=\"checkbox\" id=\"wpforms-4599-field_4_4\" name=\"wpforms[fields][4][]\" value=\"Conf\u00e9rences\"  ><label class=\"wpforms-field-label-inline\" for=\"wpforms-4599-field_4_4\">Conf\u00e9rences<\/label><\/li><li class=\"choice-5 depth-1\"><input type=\"checkbox\" id=\"wpforms-4599-field_4_5\" name=\"wpforms[fields][4][]\" value=\"Formation\"  ><label class=\"wpforms-field-label-inline\" for=\"wpforms-4599-field_4_5\">Formation<\/label><\/li><li class=\"choice-6 depth-1\"><input type=\"checkbox\" id=\"wpforms-4599-field_4_6\" name=\"wpforms[fields][4][]\" value=\"Autre\"  ><label class=\"wpforms-field-label-inline\" for=\"wpforms-4599-field_4_6\">Autre<\/label><\/li><\/ul><\/div><div id=\"wpforms-4599-field_6-container\" class=\"wpforms-field wpforms-field-checkbox wpforms-list-3-columns\" data-field-id=\"6\"><label class=\"wpforms-field-label\" for=\"wpforms-4599-field_6\">Votre formation acad\u00e9mique<\/label><ul id=\"wpforms-4599-field_6\"><li class=\"choice-7 depth-1\"><input type=\"checkbox\" id=\"wpforms-4599-field_6_7\" name=\"wpforms[fields][6][]\" value=\"Doctorat\"  ><label class=\"wpforms-field-label-inline\" for=\"wpforms-4599-field_6_7\">Doctorat<\/label><\/li><li class=\"choice-6 depth-1\"><input type=\"checkbox\" id=\"wpforms-4599-field_6_6\" name=\"wpforms[fields][6][]\" value=\"Master\"  ><label class=\"wpforms-field-label-inline\" for=\"wpforms-4599-field_6_6\">Master<\/label><\/li><li class=\"choice-2 depth-1\"><input type=\"checkbox\" id=\"wpforms-4599-field_6_2\" name=\"wpforms[fields][6][]\" value=\"ma\u00eetrise \"  ><label class=\"wpforms-field-label-inline\" for=\"wpforms-4599-field_6_2\">ma\u00eetrise <\/label><\/li><li class=\"choice-5 depth-1\"><input type=\"checkbox\" id=\"wpforms-4599-field_6_5\" name=\"wpforms[fields][6][]\" value=\"Licence\"  ><label class=\"wpforms-field-label-inline\" for=\"wpforms-4599-field_6_5\">Licence<\/label><\/li><li class=\"choice-3 depth-1\"><input type=\"checkbox\" id=\"wpforms-4599-field_6_3\" name=\"wpforms[fields][6][]\" value=\"Bac+3\"  ><label class=\"wpforms-field-label-inline\" for=\"wpforms-4599-field_6_3\">Bac+3<\/label><\/li><li class=\"choice-4 depth-1\"><input type=\"checkbox\" id=\"wpforms-4599-field_6_4\" name=\"wpforms[fields][6][]\" value=\"Bac+2\"  ><label class=\"wpforms-field-label-inline\" for=\"wpforms-4599-field_6_4\">Bac+2<\/label><\/li><li class=\"choice-8 depth-1\"><input type=\"checkbox\" id=\"wpforms-4599-field_6_8\" name=\"wpforms[fields][6][]\" value=\"Bac+1\"  ><label class=\"wpforms-field-label-inline\" for=\"wpforms-4599-field_6_8\">Bac+1<\/label><\/li><li class=\"choice-1 depth-1\"><input type=\"checkbox\" id=\"wpforms-4599-field_6_1\" name=\"wpforms[fields][6][]\" value=\" baccalaur\u00e9at\"  ><label class=\"wpforms-field-label-inline\" for=\"wpforms-4599-field_6_1\"> baccalaur\u00e9at<\/label><\/li><\/ul><\/div><div id=\"wpforms-4599-field_7-container\" class=\"wpforms-field wpforms-field-textarea\" data-field-id=\"7\"><label class=\"wpforms-field-label\" for=\"wpforms-4599-field_7\">Commentaires ou  Questions<\/label><textarea id=\"wpforms-4599-field_7\" class=\"wpforms-field-medium\" name=\"wpforms[fields][7]\" ><\/textarea><\/div><\/div><div class=\"wpforms-submit-container\"><input type=\"hidden\" name=\"wpforms[id]\" value=\"4599\"><input type=\"hidden\" name=\"wpforms[author]\" value=\"1\"><button type=\"submit\" name=\"wpforms[submit]\" id=\"wpforms-submit-4599\" class=\"wpforms-submit\" data-alt-text=\"envoy\u00e9....\" data-submit-text=\"envoy\u00e9\" aria-live=\"assertive\" value=\"wpforms-submit\">envoy\u00e9<\/button><img loading=\"lazy\" decoding=\"async\" src=\"https:\/\/gsminings.com\/wp-content\/plugins\/wpforms-lite\/assets\/images\/submit-spin.svg\" class=\"wpforms-submit-spinner\" style=\"display: none;\" width=\"26\" height=\"26\" alt=\"\"><\/div><\/form><\/div>  <!-- .wpforms-container --><\/div><\/div>[\/vc_column][vc_column width=\u00a0\u00bb7\/12&Prime; css=\u00a0\u00bb.vc_custom_1651252362949{margin-top: -50px !important;margin-right: 100px !important;padding-bottom: 40px !important;}\u00a0\u00bb]<div id=\"sliding-text-155754723\" class=\"mb-3 text-left  vc_custom_1695685675373\"><h2 class=\"mb-32 pix-sliding-headline font-weight-bold secondary-font\" data-class=\"secondary-font text-white\" data-style=\"\">Devenez membre \u00e0 part enti\u00e8re de Global Spirit Mining<\/h2><\/div><div class=\"pix-el-text slide-in-container w-100   vc_custom_1651152273903\" ><div class=\"d-inline-block\" style=\"max-width:600px;\"><p class=\"text-20  text-light-opacity-7  \" ><span class=\"animate-in d-inline-block\" data-anim-delay=\"500\" data-anim-type=\"fade-in-up\">Votre demande d&rsquo;adh\u00e9sion fera l&rsquo;objet d&rsquo;une enqu\u00eate avant d&rsquo;\u00eatre valid\u00e9<\/span><\/p><\/div><\/div>[\/vc_column][\/vc_row][\/vc_section]","protected":false},"excerpt":{"rendered":"[vc_section full_width=\u00a0\u00bbstretch_row\u00a0\u00bb fade_in_opacity=\u00a0\u00bbpix-opacity-7&Prime; pix_scale_in=\u00a0\u00bbpix-scale-in-xs\u00a0\u00bb pix_over_visibility=\u00a0\u00bb\u00a0\u00bb pix_overlay_color=\u00a0\u00bbgray-9&Prime; css=\u00a0\u00bb.vc_custom_1651249838160{margin-top: -100px !important;background-image: url(https:\/\/essentials.pixfort.com\/landing\/wp-content\/uploads\/sites\/16\/2020\/06\/pattern-people-white.png?id=3099) !important;}\u00a0\u00bb pix_overlay_opacity=\u00a0\u00bb0.95&Prime; fade_in_intro=\u00a0\u00bb4492&Prime;][vc_row full_width=\u00a0\u00bbstretch_row\u00a0\u00bb full_height=\u00a0\u00bbyes\u00a0\u00bb content_placement=\u00a0\u00bbmiddle\u00a0\u00bb bottom_divider_select=\u00a0\u00bb8&Prime; b_has_animation=\u00a0\u00bbtrue\u00a0\u00bb b_1_color=\u00a0\u00bb#f8f5ff\u00a0\u00bb b_2_is_gradient=\u00a0\u00bbtrue\u00a0\u00bb b_2_color=\u00a0\u00bbrgba(132,82,249,0.9)\u00a0\u00bb b_2_color_2=\u00a0\u00bb#18f2a9&Prime; b_2_animation=\u00a0\u00bbfade-in-up\u00a0\u00bb b_3_is_gradient=\u00a0\u00bbtrue\u00a0\u00bb b_3_color=\u00a0\u00bbrgba(95,103,252,0.7)\u00a0\u00bb b_3_color_2=\u00a0\u00bbrgba(252,60,111,0.9)\u00a0\u00bb b_3_animation=\u00a0\u00bbfade-in-up\u00a0\u00bb b_flip_h=\u00a0\u00bbtrue\u00a0\u00bb pix_particles_check=\u00a0\u00bb\u00a0\u00bb css=\u00a0\u00bb.vc_custom_1651251472565{margin-right: -200px !important;padding-bottom: 40px !important;}\u00a0\u00bb b_2_delay=\u00a0\u00bb600&Prime; b_3_delay=\u00a0\u00bb700&Prime;][vc_column width=\u00a0\u00bb5\/12&Prime; css=\u00a0\u00bb.vc_custom_1651251405443{padding-bottom: 20px !important;}\u00a0\u00bb][\/vc_column][vc_column&#8230;","protected":false},"author":1,"featured_media":0,"parent":0,"menu_order":0,"comment_status":"closed","ping_status":"closed","template":"","meta":{"footnotes":""},"class_list":["post-4595","page","type-page","status-publish","hentry"],"yoast_head":"<!-- This site is optimized with the Yoast SEO plugin v18.6 - https:\/\/yoast.com\/wordpress\/plugins\/seo\/ -->\n<title>Devenir membre - gsminings<\/title>\n<meta name=\"description\" content=\"Devenez membre \u00e0 part enti\u00e8re de Global Spirit Mining. Votre demande d\u2019adh\u00e9sion fera l\u2019objet d\u2019une enqu\u00eate avant d\u2019\u00eatre valid\u00e9\" \/>\n<meta name=\"robots\" content=\"index, follow, max-snippet:-1, max-image-preview:large, max-video-preview:-1\" \/>\n<link rel=\"canonical\" href=\"https:\/\/gsminings.com\/index.php\/devenir-membre-global-spirit-mining\/\" \/>\n<meta property=\"og:locale\" content=\"fr_FR\" \/>\n<meta property=\"og:type\" content=\"article\" \/>\n<meta property=\"og:title\" content=\"Devenir membre - gsminings\" \/>\n<meta property=\"og:description\" content=\"Devenez membre \u00e0 part enti\u00e8re de Global Spirit Mining. Votre demande d\u2019adh\u00e9sion fera l\u2019objet d\u2019une enqu\u00eate avant d\u2019\u00eatre valid\u00e9\" \/>\n<meta property=\"og:url\" content=\"https:\/\/gsminings.com\/index.php\/devenir-membre-global-spirit-mining\/\" \/>\n<meta property=\"og:site_name\" content=\"gsminings\" \/>\n<meta property=\"article:modified_time\" content=\"2023-09-28T06:47:16+00:00\" \/>\n<meta name=\"twitter:card\" content=\"summary_large_image\" \/>\n<meta name=\"twitter:label1\" content=\"Dur\u00e9e de lecture estim\u00e9e\" \/>\n\t<meta name=\"twitter:data1\" content=\"1 minute\" \/>\n<script type=\"application\/ld+json\" class=\"yoast-schema-graph\">{\"@context\":\"https:\/\/schema.org\",\"@graph\":[{\"@type\":\"Organization\",\"@id\":\"https:\/\/gsminings.com\/#organization\",\"name\":\"h.k geoengineering\",\"url\":\"https:\/\/gsminings.com\/\",\"sameAs\":[],\"logo\":{\"@type\":\"ImageObject\",\"@id\":\"https:\/\/gsminings.com\/#logo\",\"inLanguage\":\"fr-FR\",\"url\":\"https:\/\/hkgeoengineering.com\/wp-content\/uploads\/2022\/04\/cropped-Logo-AI-1.png\",\"contentUrl\":\"https:\/\/hkgeoengineering.com\/wp-content\/uploads\/2022\/04\/cropped-Logo-AI-1.png\",\"width\":512,\"height\":512,\"caption\":\"h.k geoengineering\"},\"image\":{\"@id\":\"https:\/\/gsminings.com\/#logo\"}},{\"@type\":\"WebSite\",\"@id\":\"https:\/\/gsminings.com\/#website\",\"url\":\"https:\/\/gsminings.com\/\",\"name\":\"gsminings\",\"description\":\"Global Spirit Mining les sp\u00e9cialiste en mati\u00e8re de mine\",\"publisher\":{\"@id\":\"https:\/\/gsminings.com\/#organization\"},\"potentialAction\":[{\"@type\":\"SearchAction\",\"target\":{\"@type\":\"EntryPoint\",\"urlTemplate\":\"https:\/\/gsminings.com\/?s={search_term_string}\"},\"query-input\":\"required name=search_term_string\"}],\"inLanguage\":\"fr-FR\"},{\"@type\":\"WebPage\",\"@id\":\"https:\/\/gsminings.com\/index.php\/devenir-membre-global-spirit-mining\/#webpage\",\"url\":\"https:\/\/gsminings.com\/index.php\/devenir-membre-global-spirit-mining\/\",\"name\":\"Devenir membre - gsminings\",\"isPartOf\":{\"@id\":\"https:\/\/gsminings.com\/#website\"},\"datePublished\":\"2022-04-28T12:56:23+00:00\",\"dateModified\":\"2023-09-28T06:47:16+00:00\",\"description\":\"Devenez membre \u00e0 part enti\u00e8re de Global Spirit Mining. Votre demande d\u2019adh\u00e9sion fera l\u2019objet d\u2019une enqu\u00eate avant d\u2019\u00eatre valid\u00e9\",\"breadcrumb\":{\"@id\":\"https:\/\/gsminings.com\/index.php\/devenir-membre-global-spirit-mining\/#breadcrumb\"},\"inLanguage\":\"fr-FR\",\"potentialAction\":[{\"@type\":\"ReadAction\",\"target\":[\"https:\/\/gsminings.com\/index.php\/devenir-membre-global-spirit-mining\/\"]}]},{\"@type\":\"BreadcrumbList\",\"@id\":\"https:\/\/gsminings.com\/index.php\/devenir-membre-global-spirit-mining\/#breadcrumb\",\"itemListElement\":[{\"@type\":\"ListItem\",\"position\":1,\"name\":\"Accueil\",\"item\":\"https:\/\/gsminings.com\/\"},{\"@type\":\"ListItem\",\"position\":2,\"name\":\"Devenir membre\"}]}]}<\/script>\n<!-- \/ Yoast SEO plugin. -->","yoast_head_json":{"title":"Devenir membre - gsminings","description":"Devenez membre \u00e0 part enti\u00e8re de Global Spirit Mining. Votre demande d\u2019adh\u00e9sion fera l\u2019objet d\u2019une enqu\u00eate avant d\u2019\u00eatre valid\u00e9","robots":{"index":"index","follow":"follow","max-snippet":"max-snippet:-1","max-image-preview":"max-image-preview:large","max-video-preview":"max-video-preview:-1"},"canonical":"https:\/\/gsminings.com\/index.php\/devenir-membre-global-spirit-mining\/","og_locale":"fr_FR","og_type":"article","og_title":"Devenir membre - gsminings","og_description":"Devenez membre \u00e0 part enti\u00e8re de Global Spirit Mining. Votre demande d\u2019adh\u00e9sion fera l\u2019objet d\u2019une enqu\u00eate avant d\u2019\u00eatre valid\u00e9","og_url":"https:\/\/gsminings.com\/index.php\/devenir-membre-global-spirit-mining\/","og_site_name":"gsminings","article_modified_time":"2023-09-28T06:47:16+00:00","twitter_card":"summary_large_image","twitter_misc":{"Dur\u00e9e de lecture estim\u00e9e":"1 minute"},"schema":{"@context":"https:\/\/schema.org","@graph":[{"@type":"Organization","@id":"https:\/\/gsminings.com\/#organization","name":"h.k geoengineering","url":"https:\/\/gsminings.com\/","sameAs":[],"logo":{"@type":"ImageObject","@id":"https:\/\/gsminings.com\/#logo","inLanguage":"fr-FR","url":"https:\/\/hkgeoengineering.com\/wp-content\/uploads\/2022\/04\/cropped-Logo-AI-1.png","contentUrl":"https:\/\/hkgeoengineering.com\/wp-content\/uploads\/2022\/04\/cropped-Logo-AI-1.png","width":512,"height":512,"caption":"h.k geoengineering"},"image":{"@id":"https:\/\/gsminings.com\/#logo"}},{"@type":"WebSite","@id":"https:\/\/gsminings.com\/#website","url":"https:\/\/gsminings.com\/","name":"gsminings","description":"Global Spirit Mining les sp\u00e9cialiste en mati\u00e8re de mine","publisher":{"@id":"https:\/\/gsminings.com\/#organization"},"potentialAction":[{"@type":"SearchAction","target":{"@type":"EntryPoint","urlTemplate":"https:\/\/gsminings.com\/?s={search_term_string}"},"query-input":"required name=search_term_string"}],"inLanguage":"fr-FR"},{"@type":"WebPage","@id":"https:\/\/gsminings.com\/index.php\/devenir-membre-global-spirit-mining\/#webpage","url":"https:\/\/gsminings.com\/index.php\/devenir-membre-global-spirit-mining\/","name":"Devenir membre - gsminings","isPartOf":{"@id":"https:\/\/gsminings.com\/#website"},"datePublished":"2022-04-28T12:56:23+00:00","dateModified":"2023-09-28T06:47:16+00:00","description":"Devenez membre \u00e0 part enti\u00e8re de Global Spirit Mining. Votre demande d\u2019adh\u00e9sion fera l\u2019objet d\u2019une enqu\u00eate avant d\u2019\u00eatre valid\u00e9","breadcrumb":{"@id":"https:\/\/gsminings.com\/index.php\/devenir-membre-global-spirit-mining\/#breadcrumb"},"inLanguage":"fr-FR","potentialAction":[{"@type":"ReadAction","target":["https:\/\/gsminings.com\/index.php\/devenir-membre-global-spirit-mining\/"]}]},{"@type":"BreadcrumbList","@id":"https:\/\/gsminings.com\/index.php\/devenir-membre-global-spirit-mining\/#breadcrumb","itemListElement":[{"@type":"ListItem","position":1,"name":"Accueil","item":"https:\/\/gsminings.com\/"},{"@type":"ListItem","position":2,"name":"Devenir membre"}]}]}},"_links":{"self":[{"href":"https:\/\/gsminings.com\/index.php\/wp-json\/wp\/v2\/pages\/4595","targetHints":{"allow":["GET"]}}],"collection":[{"href":"https:\/\/gsminings.com\/index.php\/wp-json\/wp\/v2\/pages"}],"about":[{"href":"https:\/\/gsminings.com\/index.php\/wp-json\/wp\/v2\/types\/page"}],"author":[{"embeddable":true,"href":"https:\/\/gsminings.com\/index.php\/wp-json\/wp\/v2\/users\/1"}],"replies":[{"embeddable":true,"href":"https:\/\/gsminings.com\/index.php\/wp-json\/wp\/v2\/comments?post=4595"}],"version-history":[{"count":13,"href":"https:\/\/gsminings.com\/index.php\/wp-json\/wp\/v2\/pages\/4595\/revisions"}],"predecessor-version":[{"id":5274,"href":"https:\/\/gsminings.com\/index.php\/wp-json\/wp\/v2\/pages\/4595\/revisions\/5274"}],"wp:attachment":[{"href":"https:\/\/gsminings.com\/index.php\/wp-json\/wp\/v2\/media?parent=4595"}],"curies":[{"name":"wp","href":"https:\/\/api.w.org\/{rel}","templated":true}]}}