{"id":4747,"date":"2022-04-29T14:34:19","date_gmt":"2022-04-29T14:34:19","guid":{"rendered":"https:\/\/hkgeoengineering.com\/?page_id=4747"},"modified":"2023-09-28T06:33:23","modified_gmt":"2023-09-28T06:33:23","slug":"geotechnique-miniere-gsminings","status":"publish","type":"page","link":"https:\/\/gsminings.com\/index.php\/geotechnique-miniere-gsminings\/","title":{"rendered":"G\u00e9otechnique mini\u00e8re"},"content":{"rendered":"<p>[vc_section full_width=\u00a0\u00bbstretch_row\u00a0\u00bb pix_over_visibility=\u00a0\u00bb\u00a0\u00bb bottom_divider_select=\u00a0\u00bb9&Prime; bottom_layers=\u00a0\u00bb1&Prime; top_divider_select=\u00a0\u00bb9&Prime; top_layers=\u00a0\u00bb1&Prime; pix_overlay_color=\u00a0\u00bbgradient-primary\u00a0\u00bb pix_overlay_opacity=\u00a0\u00bb0.8&Prime; css=\u00a0\u00bb.vc_custom_1651332182977{padding-top: 80px !important;padding-bottom: 80px !important;}\u00a0\u00bb][vc_row full_width=\u00a0\u00bbstretch_row\u00a0\u00bb pix_particles_check=\u00a0\u00bb\u00a0\u00bb][vc_column]<div class=\"card  overflow-hidden row no-gutters flex-column flex-md-row flex-md-row-reverse   vc_custom_1651243356458 shadow-lg  animate-in \" data-anim-delay=\"200\" data-anim-type=\"fade-in-up\"><div class=\"flex-column d-inline-flex position-relative col-md-6\"><img decoding=\"async\" class=\"pix-lazy card-img pix-fit-cover rounded-0 flex-grow-1 h-100\" src=\"https:\/\/gsminings.com\/wp-content\/plugins\/pixfort-core\/functions\/images\/loading.webp\" data-srcset=\"https:\/\/gsminings.com\/wp-content\/uploads\/2022\/04\/P_7MiningGeotechnics201909251104121742020050714533349720200521143848136-300x200.jpg 300w, https:\/\/gsminings.com\/wp-content\/uploads\/2022\/04\/P_7MiningGeotechnics201909251104121742020050714533349720200521143848136.jpg 697w\" data-src=\"https:\/\/gsminings.com\/wp-content\/uploads\/2022\/04\/P_7MiningGeotechnics201909251104121742020050714533349720200521143848136.jpg\" loading=\"lazy\" alt=\"\" \/><\/div><div class=\"card-body d-flex2 align-content-between flex-wrap col-md-6 p-lg-5 p-md-5 p-4 \"><div id=\"1651243234943-74620821-0aed\" class=\"pix-feature-el text-left  vc_custom_1651243306744\"><div class=\"d-inline-block \"   style=\"position:relative;text-align:center;\"><span style=\"display:inline-block;font-size:48px;line-height:48px;\" class=\"text-heading-default align-middle\"><\/span><\/div><h3 class=\"font-weight-bold   text-heading-default \" style=\"padding-top:20px;\"  >G\u00e9otechnique mini\u00e8re<\/h3><div class=\"text-body-default      \" style=\"padding-top:20px;\"  >Nos professionnels de la g\u00e9otechnique ont une vaste exp\u00e9rience en mati\u00e8re de conception et d&rsquo;exploitation d&rsquo;ouvrages miniers souterrains stables, de pentes, tunnels, routes en d\u00e9blai et de bassins de retenue des r\u00e9sidus. Les conceptions claires et d\u00e9taill\u00e9es et l\u2019\u00e9valuation des risques li\u00e9s \u00e0 l&rsquo;exploitation mini\u00e8re et au calendrier de production que nous vous proposerons sont d\u2019une aide pr\u00e9cieuse dans la prise de d\u00e9cisions \u00e9clair\u00e9es, bas\u00e9es sur vos besoins sp\u00e9cifiques et votre profil de risque.<\/p>\n<p>Nos \u00e9quipes d&rsquo;experts, constitu\u00e9es d\u2019ing\u00e9nieurs en g\u00e9otechnique, g\u00e9nie civil, m\u00e9canique des roches et des sols et d\u2019ing\u00e9nieurs en g\u00e9ologie, travaillent en \u00e9troite collaboration avec les responsables de la g\u00e9ologie structurale, de l&rsquo;hydrog\u00e9ologie, de l\u2019hydrologie, des r\u00e9sidus, de l\u2019environnement g\u00e9ologique, du g\u00e9nie minier et de la fermeture de sites miniers. Cette approche int\u00e9gr\u00e9e nous permet de d\u00e9velopper des solutions efficaces et innovantes ax\u00e9es sur les probl\u00e8mes sp\u00e9cifiques de nos clients.<\/p>\n<p>Nous travaillons dans des environnements qui vont des r\u00e9gions \u00e9quatoriales au perg\u00e9lisol , en surface ou \u00e0 des niveaux de profondeur variable, ce qui nous a permis d\u2019acqu\u00e9rir une solide expertise de nombreux produits min\u00e9raux, y compris les m\u00e9taux de base et pr\u00e9cieux, le charbon, le minerai de fer, la bauxite, les diamants et les min\u00e9raux industriels. Nos sp\u00e9cialistes disposent \u00e9galement de l&rsquo;exp\u00e9rience requise en infrastructure et exploitation mini\u00e8re selon plusieurs m\u00e9thodes et peuvent concevoir et mettre en \u0153uvre des syst\u00e8mes d\u2019assistance technique pour faire face \u00e0 l&rsquo;\u00e9rosion acc\u00e9l\u00e9r\u00e9e due aux travaux de construction, \u00e0 la perturbation du sol et \u00e0 l\u2019\u00e9limination des d\u00e9chets.<\/p>\n<p>En proposant des solutions pragmatiques et personnalis\u00e9es, nous ajoutons de la valeur \u00e0 vos op\u00e9rations.<\/div><\/div><\/div><\/div>\n[\/vc_column][\/vc_row][\/vc_section]<\/p>\n","protected":false},"excerpt":{"rendered":"[vc_section full_width=\u00a0\u00bbstretch_row\u00a0\u00bb pix_over_visibility=\u00a0\u00bb\u00a0\u00bb bottom_divider_select=\u00a0\u00bb9&Prime; bottom_layers=\u00a0\u00bb1&Prime; top_divider_select=\u00a0\u00bb9&Prime; top_layers=\u00a0\u00bb1&Prime; pix_overlay_color=\u00a0\u00bbgradient-primary\u00a0\u00bb pix_overlay_opacity=\u00a0\u00bb0.8&Prime; css=\u00a0\u00bb.vc_custom_1651332182977{padding-top: 80px !important;padding-bottom: 80px !important;}\u00a0\u00bb][vc_row full_width=\u00a0\u00bbstretch_row\u00a0\u00bb pix_particles_check=\u00a0\u00bb\u00a0\u00bb][vc_column][\/vc_column][\/vc_row][\/vc_section]","protected":false},"author":1,"featured_media":0,"parent":0,"menu_order":0,"comment_status":"closed","ping_status":"closed","template":"","meta":{"footnotes":""},"class_list":["post-4747","page","type-page","status-publish","hentry"],"yoast_head":"<!-- This site is optimized with the Yoast SEO plugin v18.6 - https:\/\/yoast.com\/wordpress\/plugins\/seo\/ -->\n<title>G\u00e9otechnique mini\u00e8re - gsminings<\/title>\n<meta name=\"description\" content=\"Nos professionnels de la g\u00e9otechnique ont une vaste exp\u00e9rience en mati\u00e8re de conception et d&#039;exploitation d&#039;ouvrages miniers souterrains stables, de pentes, tunnels, routes en d\u00e9blai et de bassins de retenue des r\u00e9sidus. Les conceptions claires et d\u00e9taill\u00e9es et l\u2019\u00e9valuation des risques li\u00e9s \u00e0 l&#039;exploitation mini\u00e8re et au calendrier de production que nous vous proposerons sont d\u2019une aide pr\u00e9cieuse dans la prise de d\u00e9cisions \u00e9clair\u00e9es, bas\u00e9es sur vos besoins sp\u00e9cifiques et votre profil de risque.\" \/>\n<meta name=\"robots\" content=\"index, follow, max-snippet:-1, max-image-preview:large, max-video-preview:-1\" \/>\n<link rel=\"canonical\" href=\"https:\/\/gsminings.com\/index.php\/geotechnique-miniere-gsminings\/\" \/>\n<meta property=\"og:locale\" content=\"fr_FR\" \/>\n<meta property=\"og:type\" content=\"article\" \/>\n<meta property=\"og:title\" content=\"G\u00e9otechnique mini\u00e8re - gsminings\" \/>\n<meta property=\"og:description\" content=\"Nos professionnels de la g\u00e9otechnique ont une vaste exp\u00e9rience en mati\u00e8re de conception et d&#039;exploitation d&#039;ouvrages miniers souterrains stables, de pentes, tunnels, routes en d\u00e9blai et de bassins de retenue des r\u00e9sidus. Les conceptions claires et d\u00e9taill\u00e9es et l\u2019\u00e9valuation des risques li\u00e9s \u00e0 l&#039;exploitation mini\u00e8re et au calendrier de production que nous vous proposerons sont d\u2019une aide pr\u00e9cieuse dans la prise de d\u00e9cisions \u00e9clair\u00e9es, bas\u00e9es sur vos besoins sp\u00e9cifiques et votre profil de risque.\" \/>\n<meta property=\"og:url\" content=\"https:\/\/gsminings.com\/index.php\/geotechnique-miniere-gsminings\/\" \/>\n<meta property=\"og:site_name\" content=\"gsminings\" \/>\n<meta property=\"article:modified_time\" content=\"2023-09-28T06:33:23+00:00\" \/>\n<meta name=\"twitter:card\" content=\"summary_large_image\" \/>\n<meta name=\"twitter:label1\" content=\"Dur\u00e9e de lecture estim\u00e9e\" \/>\n\t<meta name=\"twitter:data1\" content=\"2 minutes\" \/>\n<script type=\"application\/ld+json\" class=\"yoast-schema-graph\">{\"@context\":\"https:\/\/schema.org\",\"@graph\":[{\"@type\":\"Organization\",\"@id\":\"https:\/\/gsminings.com\/#organization\",\"name\":\"h.k geoengineering\",\"url\":\"https:\/\/gsminings.com\/\",\"sameAs\":[],\"logo\":{\"@type\":\"ImageObject\",\"@id\":\"https:\/\/gsminings.com\/#logo\",\"inLanguage\":\"fr-FR\",\"url\":\"https:\/\/hkgeoengineering.com\/wp-content\/uploads\/2022\/04\/cropped-Logo-AI-1.png\",\"contentUrl\":\"https:\/\/hkgeoengineering.com\/wp-content\/uploads\/2022\/04\/cropped-Logo-AI-1.png\",\"width\":512,\"height\":512,\"caption\":\"h.k geoengineering\"},\"image\":{\"@id\":\"https:\/\/gsminings.com\/#logo\"}},{\"@type\":\"WebSite\",\"@id\":\"https:\/\/gsminings.com\/#website\",\"url\":\"https:\/\/gsminings.com\/\",\"name\":\"gsminings\",\"description\":\"Global Spirit Mining les sp\u00e9cialiste en mati\u00e8re de mine\",\"publisher\":{\"@id\":\"https:\/\/gsminings.com\/#organization\"},\"potentialAction\":[{\"@type\":\"SearchAction\",\"target\":{\"@type\":\"EntryPoint\",\"urlTemplate\":\"https:\/\/gsminings.com\/?s={search_term_string}\"},\"query-input\":\"required name=search_term_string\"}],\"inLanguage\":\"fr-FR\"},{\"@type\":\"WebPage\",\"@id\":\"https:\/\/gsminings.com\/index.php\/geotechnique-miniere-gsminings\/#webpage\",\"url\":\"https:\/\/gsminings.com\/index.php\/geotechnique-miniere-gsminings\/\",\"name\":\"G\u00e9otechnique mini\u00e8re - gsminings\",\"isPartOf\":{\"@id\":\"https:\/\/gsminings.com\/#website\"},\"datePublished\":\"2022-04-29T14:34:19+00:00\",\"dateModified\":\"2023-09-28T06:33:23+00:00\",\"description\":\"Nos professionnels de la g\u00e9otechnique ont une vaste exp\u00e9rience en mati\u00e8re de conception et d'exploitation d'ouvrages miniers souterrains stables, de pentes, tunnels, routes en d\u00e9blai et de bassins de retenue des r\u00e9sidus. Les conceptions claires et d\u00e9taill\u00e9es et l\u2019\u00e9valuation des risques li\u00e9s \u00e0 l'exploitation mini\u00e8re et au calendrier de production que nous vous proposerons sont d\u2019une aide pr\u00e9cieuse dans la prise de d\u00e9cisions \u00e9clair\u00e9es, bas\u00e9es sur vos besoins sp\u00e9cifiques et votre profil de risque.\",\"breadcrumb\":{\"@id\":\"https:\/\/gsminings.com\/index.php\/geotechnique-miniere-gsminings\/#breadcrumb\"},\"inLanguage\":\"fr-FR\",\"potentialAction\":[{\"@type\":\"ReadAction\",\"target\":[\"https:\/\/gsminings.com\/index.php\/geotechnique-miniere-gsminings\/\"]}]},{\"@type\":\"BreadcrumbList\",\"@id\":\"https:\/\/gsminings.com\/index.php\/geotechnique-miniere-gsminings\/#breadcrumb\",\"itemListElement\":[{\"@type\":\"ListItem\",\"position\":1,\"name\":\"Accueil\",\"item\":\"https:\/\/gsminings.com\/\"},{\"@type\":\"ListItem\",\"position\":2,\"name\":\"G\u00e9otechnique mini\u00e8re\"}]}]}<\/script>\n<!-- \/ Yoast SEO plugin. -->","yoast_head_json":{"title":"G\u00e9otechnique mini\u00e8re - gsminings","description":"Nos professionnels de la g\u00e9otechnique ont une vaste exp\u00e9rience en mati\u00e8re de conception et d'exploitation d'ouvrages miniers souterrains stables, de pentes, tunnels, routes en d\u00e9blai et de bassins de retenue des r\u00e9sidus. Les conceptions claires et d\u00e9taill\u00e9es et l\u2019\u00e9valuation des risques li\u00e9s \u00e0 l'exploitation mini\u00e8re et au calendrier de production que nous vous proposerons sont d\u2019une aide pr\u00e9cieuse dans la prise de d\u00e9cisions \u00e9clair\u00e9es, bas\u00e9es sur vos besoins sp\u00e9cifiques et votre profil de risque.","robots":{"index":"index","follow":"follow","max-snippet":"max-snippet:-1","max-image-preview":"max-image-preview:large","max-video-preview":"max-video-preview:-1"},"canonical":"https:\/\/gsminings.com\/index.php\/geotechnique-miniere-gsminings\/","og_locale":"fr_FR","og_type":"article","og_title":"G\u00e9otechnique mini\u00e8re - gsminings","og_description":"Nos professionnels de la g\u00e9otechnique ont une vaste exp\u00e9rience en mati\u00e8re de conception et d'exploitation d'ouvrages miniers souterrains stables, de pentes, tunnels, routes en d\u00e9blai et de bassins de retenue des r\u00e9sidus. Les conceptions claires et d\u00e9taill\u00e9es et l\u2019\u00e9valuation des risques li\u00e9s \u00e0 l'exploitation mini\u00e8re et au calendrier de production que nous vous proposerons sont d\u2019une aide pr\u00e9cieuse dans la prise de d\u00e9cisions \u00e9clair\u00e9es, bas\u00e9es sur vos besoins sp\u00e9cifiques et votre profil de risque.","og_url":"https:\/\/gsminings.com\/index.php\/geotechnique-miniere-gsminings\/","og_site_name":"gsminings","article_modified_time":"2023-09-28T06:33:23+00:00","twitter_card":"summary_large_image","twitter_misc":{"Dur\u00e9e de lecture estim\u00e9e":"2 minutes"},"schema":{"@context":"https:\/\/schema.org","@graph":[{"@type":"Organization","@id":"https:\/\/gsminings.com\/#organization","name":"h.k geoengineering","url":"https:\/\/gsminings.com\/","sameAs":[],"logo":{"@type":"ImageObject","@id":"https:\/\/gsminings.com\/#logo","inLanguage":"fr-FR","url":"https:\/\/hkgeoengineering.com\/wp-content\/uploads\/2022\/04\/cropped-Logo-AI-1.png","contentUrl":"https:\/\/hkgeoengineering.com\/wp-content\/uploads\/2022\/04\/cropped-Logo-AI-1.png","width":512,"height":512,"caption":"h.k geoengineering"},"image":{"@id":"https:\/\/gsminings.com\/#logo"}},{"@type":"WebSite","@id":"https:\/\/gsminings.com\/#website","url":"https:\/\/gsminings.com\/","name":"gsminings","description":"Global Spirit Mining les sp\u00e9cialiste en mati\u00e8re de mine","publisher":{"@id":"https:\/\/gsminings.com\/#organization"},"potentialAction":[{"@type":"SearchAction","target":{"@type":"EntryPoint","urlTemplate":"https:\/\/gsminings.com\/?s={search_term_string}"},"query-input":"required name=search_term_string"}],"inLanguage":"fr-FR"},{"@type":"WebPage","@id":"https:\/\/gsminings.com\/index.php\/geotechnique-miniere-gsminings\/#webpage","url":"https:\/\/gsminings.com\/index.php\/geotechnique-miniere-gsminings\/","name":"G\u00e9otechnique mini\u00e8re - gsminings","isPartOf":{"@id":"https:\/\/gsminings.com\/#website"},"datePublished":"2022-04-29T14:34:19+00:00","dateModified":"2023-09-28T06:33:23+00:00","description":"Nos professionnels de la g\u00e9otechnique ont une vaste exp\u00e9rience en mati\u00e8re de conception et d'exploitation d'ouvrages miniers souterrains stables, de pentes, tunnels, routes en d\u00e9blai et de bassins de retenue des r\u00e9sidus. Les conceptions claires et d\u00e9taill\u00e9es et l\u2019\u00e9valuation des risques li\u00e9s \u00e0 l'exploitation mini\u00e8re et au calendrier de production que nous vous proposerons sont d\u2019une aide pr\u00e9cieuse dans la prise de d\u00e9cisions \u00e9clair\u00e9es, bas\u00e9es sur vos besoins sp\u00e9cifiques et votre profil de risque.","breadcrumb":{"@id":"https:\/\/gsminings.com\/index.php\/geotechnique-miniere-gsminings\/#breadcrumb"},"inLanguage":"fr-FR","potentialAction":[{"@type":"ReadAction","target":["https:\/\/gsminings.com\/index.php\/geotechnique-miniere-gsminings\/"]}]},{"@type":"BreadcrumbList","@id":"https:\/\/gsminings.com\/index.php\/geotechnique-miniere-gsminings\/#breadcrumb","itemListElement":[{"@type":"ListItem","position":1,"name":"Accueil","item":"https:\/\/gsminings.com\/"},{"@type":"ListItem","position":2,"name":"G\u00e9otechnique mini\u00e8re"}]}]}},"_links":{"self":[{"href":"https:\/\/gsminings.com\/index.php\/wp-json\/wp\/v2\/pages\/4747","targetHints":{"allow":["GET"]}}],"collection":[{"href":"https:\/\/gsminings.com\/index.php\/wp-json\/wp\/v2\/pages"}],"about":[{"href":"https:\/\/gsminings.com\/index.php\/wp-json\/wp\/v2\/types\/page"}],"author":[{"embeddable":true,"href":"https:\/\/gsminings.com\/index.php\/wp-json\/wp\/v2\/users\/1"}],"replies":[{"embeddable":true,"href":"https:\/\/gsminings.com\/index.php\/wp-json\/wp\/v2\/comments?post=4747"}],"version-history":[{"count":5,"href":"https:\/\/gsminings.com\/index.php\/wp-json\/wp\/v2\/pages\/4747\/revisions"}],"predecessor-version":[{"id":5054,"href":"https:\/\/gsminings.com\/index.php\/wp-json\/wp\/v2\/pages\/4747\/revisions\/5054"}],"wp:attachment":[{"href":"https:\/\/gsminings.com\/index.php\/wp-json\/wp\/v2\/media?parent=4747"}],"curies":[{"name":"wp","href":"https:\/\/api.w.org\/{rel}","templated":true}]}}